{"id":56,"date":"2013-12-13T15:30:17","date_gmt":"2013-12-13T13:30:17","guid":{"rendered":"http:\/\/gnausch.net\/efpwp\/fr\/?page_id=56"},"modified":"2018-06-13T12:40:18","modified_gmt":"2018-06-13T10:40:18","slug":"participer","status":"publish","type":"page","link":"https:\/\/gnausch.net\/efpwp\/fr\/participer\/","title":{"rendered":"Participer"},"content":{"rendered":"<p>Comment participer:<\/p>\n<p>Envoyer un email \u00e0:\u00a0<a href=\"mailto:participate@elephantsforpeace.com\">participate@elephantsforpeace.com<\/a>\u00a0indiquant votre int\u00e9r\u00eat.<\/p>\n<p>Vous pouvez \u00e9galement envoyer votre propre \u00e9l\u00e9phant pour la paix \u00e0:<\/p>\n<address><i>Elephants for Peace<\/i><\/address>\n<address>c\/o Rose Marie Gnausch<br \/>\nRebschulweg 26<br \/>\nD-54470 Berkastel-Kues<br \/>\nAllemagne<\/address>\n<p>Vous pouvez \u00e9galement vous joindre \u00e0 l&rsquo;ONG en imprimant et en envoyant par la poste\u00a0<a href=\"http:\/\/gnausch.net\/efpwp\/fr\/wp-content\/uploads\/sites\/3\/2018\/06\/Adhesion-a-l\u2019association-Elephants-for-Peace-Community-e.pdf\">Adhesion-a-l\u2019association-Elephants-for-Peace-Community-e<\/a> \u00e0:<\/p>\n<address><i>Elephants for Peace<\/i><\/address>\n<address>c\/o Rose Marie Gnausch<br \/>\nRebschulweg 26<\/address>\n<address>D-54470 Bernkastel-Kues<\/address>\n<address>Allemagne<\/address>\n<p>Visitez <i>Elephants for Peace<\/i> sur Facebook ou demander \u00e0 rejoindre le groupe Facebook.<\/p>\n<p>Si vous voulez inviter les \u00e9l\u00e9phants dans votre communaut\u00e9, \u00e9crivez \u00e0:<\/p>\n<p><a href=\"mailto:roma@elephantsforpeace.com\">roma@elephantsforpeace.com<\/a><\/p>\n","protected":false},"excerpt":{"rendered":"<p>Comment participer: Envoyer un email \u00e0:\u00a0participate@elephantsforpeace.com\u00a0indiquant votre int\u00e9r\u00eat. Vous pouvez \u00e9galement envoyer votre propre \u00e9l\u00e9phant pour la paix \u00e0: Elephants for Peace c\/o Rose Marie Gnausch Rebschulweg 26 D-54470 Berkastel-Kues Allemagne Vous pouvez \u00e9galement vous joindre \u00e0 l&rsquo;ONG en imprimant et en envoyant par la poste\u00a0Adhesion-a-l\u2019association-Elephants-for-Peace-Community-e \u00e0: Elephants for Peace c\/o Rose Marie Gnausch Rebschulweg <a class=\"read-more\" href=\"https:\/\/gnausch.net\/efpwp\/fr\/participer\/\">[&hellip;]<\/a><\/p>\n","protected":false},"author":2,"featured_media":0,"parent":0,"menu_order":0,"comment_status":"closed","ping_status":"closed","template":"","meta":[],"_links":{"self":[{"href":"https:\/\/gnausch.net\/efpwp\/fr\/wp-json\/wp\/v2\/pages\/56"}],"collection":[{"href":"https:\/\/gnausch.net\/efpwp\/fr\/wp-json\/wp\/v2\/pages"}],"about":[{"href":"https:\/\/gnausch.net\/efpwp\/fr\/wp-json\/wp\/v2\/types\/page"}],"author":[{"embeddable":true,"href":"https:\/\/gnausch.net\/efpwp\/fr\/wp-json\/wp\/v2\/users\/2"}],"replies":[{"embeddable":true,"href":"https:\/\/gnausch.net\/efpwp\/fr\/wp-json\/wp\/v2\/comments?post=56"}],"version-history":[{"count":13,"href":"https:\/\/gnausch.net\/efpwp\/fr\/wp-json\/wp\/v2\/pages\/56\/revisions"}],"predecessor-version":[{"id":428,"href":"https:\/\/gnausch.net\/efpwp\/fr\/wp-json\/wp\/v2\/pages\/56\/revisions\/428"}],"wp:attachment":[{"href":"https:\/\/gnausch.net\/efpwp\/fr\/wp-json\/wp\/v2\/media?parent=56"}],"curies":[{"name":"wp","href":"https:\/\/api.w.org\/{rel}","templated":true}]}}