{"id":41,"date":"2013-12-13T15:23:38","date_gmt":"2013-12-13T13:23:38","guid":{"rendered":"http:\/\/gnausch.net\/efpwp\/fr\/?page_id=41"},"modified":"2015-04-28T18:56:09","modified_gmt":"2015-04-28T16:56:09","slug":"sympathisants","status":"publish","type":"page","link":"https:\/\/gnausch.net\/efpwp\/fr\/sympathisants\/","title":{"rendered":"Sympathisants"},"content":{"rendered":"<blockquote><p>\u2026As previously expressed, the Nicosia Municipality sincerely supports and warmly welcomes this creative contribution to dialogue across dividing lines around the world. The idea of representing the desire to cooperate and communicate by means of art is both innovating and appealing. Furthermore, the choice of an elephant as a theme for this artistic initiative is not only appropriate but also insightful. We believe it will resonate with citizens of all ages, on various levels\u2026<\/p><\/blockquote>\n<p>Eleni Mavrou, Mayor of Nicosia, March 26, 2010<\/p>\n<ul>\n<li><a title=\"Personalit\u00e9s\" href=\"http:\/\/gnausch.net\/efpwp\/fr\/sympathisants\/personalites\/\"><strong>Personalit\u00e9s<\/strong><\/a><\/li>\n<li><b><\/b><b><a title=\"Sponsors\" href=\"http:\/\/gnausch.net\/efpwp\/fr\/sympathisants\/sponsors\/\">Sponsors<\/a><\/b><\/li>\n<li><strong><a title=\"Etablissements\" href=\"http:\/\/gnausch.net\/efpwp\/fr\/sympathisants\/etablissements\/\">Etablissements<\/a><\/strong><\/li>\n<li><strong><a title=\"Sympathisants de longue dur\u00e9e\" href=\"http:\/\/gnausch.net\/efpwp\/fr\/sympathisants\/sympathisants-de-longue-duree\/\">Sympathisants de longue dur\u00e9e<\/a><\/strong><\/li>\n<li><b><a title=\"Liste des participants\" href=\"http:\/\/gnausch.net\/efpwp\/fr\/sympathisants\/liste-des-participants\/\">Liste des participants<\/a><\/b><\/li>\n<li><a title=\"Recommendations\" href=\"http:\/\/gnausch.net\/efpwp\/fr\/recommendations\/\"><strong>Recommendations<\/strong><\/a><\/li>\n<\/ul>\n<p>Dans le cas o\u00f9 votre nom a \u00e9t\u00e9 mal orthographi\u00e9 ou accidentellement laiss\u00e9 de c\u00f4t\u00e9 ou si vous avez un site web \/ blog \/ page web que vous souhaitez voir figurer, \u00e9crivez \u00e0\u00a0<a href=\"mailto:natacha@elephantsforpeace.com\">natacha@elephantsforpeace.com<\/a><\/p>\n<p>Donation account:<br \/>\nSparkasse Mittelmosel<br \/>\nIBAN:  DE84 5875 1230 0032 2935 99<br \/>\nBIC: MALADE52BKS<\/p>\n<p>Veuillez indiquer votre adresse si vous d\u00e9sirez un re\u00e7u.<\/p>\n","protected":false},"excerpt":{"rendered":"<p>\u2026As previously expressed, the Nicosia Municipality sincerely supports and warmly welcomes this creative contribution to dialogue across dividing lines around the world. The idea of representing the desire to cooperate and communicate by means of art is both innovating and appealing. Furthermore, the choice of an elephant as a theme for this artistic initiative is <a class=\"read-more\" href=\"https:\/\/gnausch.net\/efpwp\/fr\/sympathisants\/\">[&hellip;]<\/a><\/p>\n","protected":false},"author":2,"featured_media":0,"parent":0,"menu_order":2,"comment_status":"closed","ping_status":"closed","template":"","meta":[],"_links":{"self":[{"href":"https:\/\/gnausch.net\/efpwp\/fr\/wp-json\/wp\/v2\/pages\/41"}],"collection":[{"href":"https:\/\/gnausch.net\/efpwp\/fr\/wp-json\/wp\/v2\/pages"}],"about":[{"href":"https:\/\/gnausch.net\/efpwp\/fr\/wp-json\/wp\/v2\/types\/page"}],"author":[{"embeddable":true,"href":"https:\/\/gnausch.net\/efpwp\/fr\/wp-json\/wp\/v2\/users\/2"}],"replies":[{"embeddable":true,"href":"https:\/\/gnausch.net\/efpwp\/fr\/wp-json\/wp\/v2\/comments?post=41"}],"version-history":[{"count":14,"href":"https:\/\/gnausch.net\/efpwp\/fr\/wp-json\/wp\/v2\/pages\/41\/revisions"}],"predecessor-version":[{"id":259,"href":"https:\/\/gnausch.net\/efpwp\/fr\/wp-json\/wp\/v2\/pages\/41\/revisions\/259"}],"wp:attachment":[{"href":"https:\/\/gnausch.net\/efpwp\/fr\/wp-json\/wp\/v2\/media?parent=41"}],"curies":[{"name":"wp","href":"https:\/\/api.w.org\/{rel}","templated":true}]}}