{"id":136,"date":"2014-01-04T14:34:33","date_gmt":"2014-01-04T12:34:33","guid":{"rendered":"http:\/\/gnausch.net\/efpwp\/fr\/?page_id=136"},"modified":"2015-04-28T18:55:59","modified_gmt":"2015-04-28T16:55:59","slug":"pourquoi-l-elephant","status":"publish","type":"page","link":"https:\/\/gnausch.net\/efpwp\/fr\/qui-nous-sommes\/pourquoi-l-elephant\/","title":{"rendered":"Pourquoi l&rsquo;\u00e9l\u00e9phant"},"content":{"rendered":"<ul>\n<li><a title=\"Le Concept\" href=\"http:\/\/gnausch.net\/efpwp\/fr\/qui-nous-sommes\/\"><strong>Le Concept<\/strong><\/a><\/li>\n<li><strong>Pourquoi l&rsquo;\u00e9l\u00e9phant?<\/strong><\/li>\n<li><a title=\"Nous offrons\u2026\" href=\"http:\/\/gnausch.net\/efpwp\/fr\/qui-nous-sommes\/nous-offrons\"><strong>Nous offrons\u2026<\/strong><\/a><\/li>\n<li><a title=\"Ce que nous repr\u00e9sentons\" href=\"http:\/\/gnausch.net\/efpwp\/fr\/\/qui-nous-sommes\/ce-que-nous-representons\"><strong>Ce que nous repr\u00e9sentons<\/strong><\/a><\/li>\n<\/ul>\n<h2>L&rsquo;\u00e9l\u00e9phant: un nouveau Symbole de paix pour le monde<\/h2>\n<p>L&rsquo;\u00e9l\u00e9phant. Une figure majestueuse de grande taille vivant en harmonie avec son environnent. Ici grandeur rencontre tranquillit\u00e9. Une inspiration r\u00e9elle pour l&rsquo;humanit\u00e9. M\u00eame les lions se retirent de l&rsquo;eau quand les \u00e9l\u00e9phants apparaissent. Un respect naturel vers le pouvoir subtil de la grandeur.<\/p>\n<p><span style=\"text-decoration: underline\">L&rsquo;\u00e9l\u00e9phant est \u00e9minemment per\u00e7u de mani\u00e8re positive par toutes les cultures \u00e0 travers le monde.<\/span><br \/>\nLa moiti\u00e9 des populations du monde v\u00e9n\u00e8rent d\u00e9j\u00e0 l&rsquo;\u00e9l\u00e9phant comme symbole de chance, de sagesse et d&rsquo;une grande intelligence. L&rsquo;Asie et l&rsquo;Afrique ont un lien tr\u00e8s sp\u00e9cial pour leurs \u00e9l\u00e9phants respectifs et honorent cet animal sous diff\u00e9rentes formes.<\/p>\n<p>L&rsquo;\u00e9l\u00e9phant d&rsquo;Asie appara\u00eet dans diverses traditions religieuses et des mythologiques. Ils sont trait\u00e9s de mani\u00e8re positive et sont parfois v\u00e9n\u00e9r\u00e9s comme des divinit\u00e9s, symbolisant souvent la force et la sagesse. De m\u00eame, l&rsquo;\u00e9l\u00e9phant d&rsquo;Afrique est consid\u00e9r\u00e9 comme le chef sage qui r\u00e8gle de mani\u00e8re impartiale les diff\u00e9rends entre les cr\u00e9atures de la for\u00eat, dans les fables d&rsquo;Afrique. Et la tradition Ashanti d\u00e9tient qu&rsquo;ils sont des chefs humains du pass\u00e9.<\/p>\n<p>L&rsquo;Inde a de nombreuses figures divines utilisant un \u00e9l\u00e9phant, comme le dieu du tonnerre Indra, chef des divinit\u00e9s hindoues et Kama, Dieu de l&rsquo;Amour.<\/p>\n<p>Mais surtout, l&rsquo;Inde v\u00e9n\u00e8re Ganesha, une t\u00eate d&rsquo;\u00e9l\u00e9phant Dieu \u00e9galement nomm\u00e9 \u00ab\u00a0Le solvant des obstacles\u00a0\u00bb. Le fils de Shiva et Paravati, il est appel\u00e9 \u00e0 chaque d\u00e9marrage d&rsquo;une nouvelle entreprise pour que Ganesha puisse \u00e0 l&rsquo;avance \u00e9liminer les obstacles susceptibles de se produire.<\/p>\n<p>Mais non seulement l&rsquo;hindouisme, mais aussi le bouddhisme a une connexion tr\u00e8s sp\u00e9ciale avec l&rsquo;\u00e9l\u00e9phant:<br \/>\nLe Botthisava devenant le Bouddha historique choisit d&rsquo;appara\u00eetre \u00e0 sa m\u00e8re Maya sous la forme d&rsquo;un \u00e9l\u00e9phant blanc avant d&rsquo;entrer dans son corps.<br \/>\nL&rsquo;\u00e9l\u00e9phant, le plus noble de tous, le pouvoir subtil de la vraie majest\u00e9 du r\u00e8gne animal, est choisi par le Bouddha avant d&rsquo;entrer dans le monde des formes humaines.<br \/>\nL&rsquo;Inde, l&rsquo;Extr\u00eame-Orient et l&rsquo;Afrique semblent \u00eatre privil\u00e9gi\u00e9s pour \u00e9tablir une connexion sp\u00e9ciale avec l&rsquo;\u00e9l\u00e9phant, mais m\u00eame le Proche-Orient, et avec lui le monde arabe, d\u00e9signe l&rsquo;ann\u00e9e 570 apr\u00e8s JC \u00c2m al-F\u00eel: L&rsquo;Ann\u00e9e de l&rsquo;El\u00e9phant. C&rsquo;est l&rsquo;ann\u00e9e m\u00eame o\u00f9 le proph\u00e8te Mohamed est n\u00e9.<br \/>\nEn 570 apr\u00e8s JC une troupe ennemie s&rsquo;avan\u00e7ait vers la Mecque avec la volont\u00e9 de d\u00e9truire la Kaaba. Les \u00e9l\u00e9phants dans la troupe ont d\u00e9mantel\u00e9 la bataille en refusant d&rsquo;entrer dans la ville. Ils semblaient avoir eu acc\u00e8s \u00e0 la connaissance que Mohamed \u00e9tait en train de na\u00eetre et ont honor\u00e9 son lieu de naissance avec leur puissant geste pacifique.<\/p>\n<p>L&rsquo;Occident connait l&rsquo;\u00e9l\u00e9phant depuis les temps anciens. Dans l&rsquo;Antiquit\u00e9, l&rsquo;\u00e9l\u00e9phant a \u00e9t\u00e9 attribu\u00e9 \u00e0 Mercure en raison de son intelligence.<\/p>\n<p>Le Physiologus, un influent texte inspirant histoires folkloriques et de nombreux penseurs sages de l&rsquo;Occident depuis 400 apr\u00e8s JC, fait l&rsquo;analogie de l&rsquo;\u00e9l\u00e9phant avec Adam et Eve et va jusqu&rsquo;\u00e0 d\u00e9signer le vrai \u00e9l\u00e9phant sacr\u00e9 et spirituel en le Christ, le seul \u00e0 avoir le force de relever Adam de sa chute. Le Physiologus d\u00e9crit l&rsquo;\u00e9l\u00e9phant comme un animal, qui, une fois tomb\u00e9, est incapable de se relever tout seul. Seul son prodige sera en mesure de le remettre sur pieds.<\/p>\n<p>Charlemagne a re\u00e7u un \u00e9l\u00e9phant blanc du Sultan A en 797 comme un signe de paix. L&rsquo;animal a v\u00e9cu \u00e0 Aachen (Aix-la-Chapelle) et le Nord pendant 8 ans avant de succomb\u00e9 au froid. Sa mort valait la peine d&rsquo;\u00eatre mentionn\u00e9 dans de nombreux chroniques de l&rsquo;\u00e9poque.<\/p>\n<p>Dans les temps modernes, le nom de \u00ab\u00a0Jumbo\u00a0\u00bb a \u00e9t\u00e9 donn\u00e9 \u00e0 notre Boeing 747 pour honorer la m\u00e9moire de Jumbo l&rsquo;\u00e9l\u00e9phant qui a quitt\u00e9 le zoo de Londres et le Royaume Uni en 1882, \u00e0 la d\u00e9tresse de nombreux citoyens, pour rejoindre le Nouveau Monde.<\/p>\n<p><span style=\"text-decoration: underline\">L&rsquo;\u00e9l\u00e9phant un symbole \u00e9minemment positif dans le monde.<\/span><br \/>\nLa combinaison de grandeur, la comp\u00e9tence sociale, et la sagesse avec une attitude pacifique.<br \/>\nL&rsquo;\u00e9l\u00e9phant va-t-il enfin \u00eatre en mesure de donner une image \u00e0 la paix terrestre?<\/p>\n<p>La colombe de la paix, un patrimoine d&rsquo;Aphrodite et de No\u00e9 v\u00e9cut longtemps dans notre monde occidental comme le symbole du Saint Esprit jusqu&rsquo;\u00e0 ce que Picasso, ou mieux Louis Aragon, transforma ce symbole chr\u00e9tien en un symbole universel de la paix.<\/p>\n<p>Ou n&rsquo;est-ce pas plut\u00f4t l&rsquo;id\u00e9e de la paix que la colombe de la paix signifie? Quelles sont les qualit\u00e9s que nous attribuons \u00e0 son homologue terrestre, le pigeon? L&rsquo;animal que Picasso avait peint sur la peinture originale pour d\u00e9corer les murs de Paris en 1949 pour le Congr\u00e8s mondial du Parti communiste?<br \/>\nAimons-nous les pigeons? Qu&rsquo;est-ce que cet animal nous pousse \u00e0 \u00eatre ou faire?<br \/>\nL&rsquo;animal qui part quand un enfant de deux ans arrive. Il semble que la paix doit partir quand un homme appara\u00eet.<br \/>\nL&rsquo;\u00c9glise est l&rsquo;un des plus grand combattant contre la manifestation terrestre de l&rsquo;esp\u00e8ce de la paix au nom de la sauvegarde de ses monuments.<br \/>\nIl va sans dire que cette cr\u00e9ature a vraiment besoin d&rsquo;un partenaire solide, qui vit sur la terre, qui est admir\u00e9 par la plupart et qui peut d\u00e9fendre sa position avec facilit\u00e9.<\/p>\n<p><span style=\"text-decoration: underline\">Introduction d&rsquo;un nouveau symbole:<\/span><br \/>\nComment introduire un nouveau symbole pour le monde? Comment le faire entrer dans la conscience collective?<br \/>\nEn le mettant \u00e0 l&rsquo;\u00e9preuve. Qu&rsquo;est-ce la fonction du symbole? La paix doit r\u00e9gner quand il appara\u00eet. Peut-il d\u00e9placer les esprits et les mains pour agir diff\u00e9remment que par la peur?<br \/>\nPeut-il produire une r\u00e9alit\u00e9 pacifique?<\/p>\n<p>Le premier test a \u00e9t\u00e9 effectu\u00e9 sur la ligne du conflit de la division de la Chypre. Une fronti\u00e8re politique non accept\u00e9e s\u00e9parant les Chypriotes grecs et turcs, depuis 1974.<br \/>\nAvec les contributions artistiques sous forme d&rsquo;\u00e9l\u00e9phant de participants de nombreux pays, le test a \u00e9t\u00e9 effectu\u00e9 au checkpoint de la rue Ledra \u00e0 Nicosie, Chypre le 9 et 10 mai 2009. Le r\u00e9sultat: le checkpoint fut transform\u00e9 en un lieu de joie et de f\u00eate mutuelle.<br \/>\nLes maires ont pu se rencontrer et se saluer chaleureusement devant les cam\u00e9ras de t\u00e9l\u00e9vision et le public des deux c\u00f4t\u00e9s faisant une r\u00e9alit\u00e9 toute humaine de ce d\u00e9sir: vivre en harmonie et en paix les uns avec les autres. Le succ\u00e8s est tel que de nombreux articles de journaux ont proclam\u00e9 un nouveau symbole pour la paix: l&rsquo;\u00e9l\u00e9phant.<\/p>\n<p>Le processus se poursuit. Vous pouvez faire partie de sa fabrication. Introduire une image forte et puissante pour la paix mondiale. R\u00e9pandre les qualit\u00e9s admir\u00e9es d&rsquo;une cr\u00e9ature existant sur la terre et enfin offrir \u00e0 la paix une maison universelle sur la plan\u00e8te terre.<\/p>\n<p>C&rsquo;est avec joie que nous attendons votre participation<\/p>\n<p>Rose Marie Gnausch<br \/>\nArtiste et historienne de l&rsquo;art<br \/>\nInitiateur de \u00ab\u00a0<em>Elephants for Peace<\/em>\u00ab\u00a0<\/p>\n","protected":false},"excerpt":{"rendered":"<p>Le Concept Pourquoi l&rsquo;\u00e9l\u00e9phant? Nous offrons\u2026 Ce que nous repr\u00e9sentons L&rsquo;\u00e9l\u00e9phant: un nouveau Symbole de paix pour le monde L&rsquo;\u00e9l\u00e9phant. Une figure majestueuse de grande taille vivant en harmonie avec son environnent. Ici grandeur rencontre tranquillit\u00e9. Une inspiration r\u00e9elle pour l&rsquo;humanit\u00e9. M\u00eame les lions se retirent de l&rsquo;eau quand les \u00e9l\u00e9phants apparaissent. Un respect naturel <a class=\"read-more\" href=\"https:\/\/gnausch.net\/efpwp\/fr\/qui-nous-sommes\/pourquoi-l-elephant\/\">[&hellip;]<\/a><\/p>\n","protected":false},"author":2,"featured_media":0,"parent":132,"menu_order":1,"comment_status":"closed","ping_status":"closed","template":"","meta":[],"_links":{"self":[{"href":"https:\/\/gnausch.net\/efpwp\/fr\/wp-json\/wp\/v2\/pages\/136"}],"collection":[{"href":"https:\/\/gnausch.net\/efpwp\/fr\/wp-json\/wp\/v2\/pages"}],"about":[{"href":"https:\/\/gnausch.net\/efpwp\/fr\/wp-json\/wp\/v2\/types\/page"}],"author":[{"embeddable":true,"href":"https:\/\/gnausch.net\/efpwp\/fr\/wp-json\/wp\/v2\/users\/2"}],"replies":[{"embeddable":true,"href":"https:\/\/gnausch.net\/efpwp\/fr\/wp-json\/wp\/v2\/comments?post=136"}],"version-history":[{"count":14,"href":"https:\/\/gnausch.net\/efpwp\/fr\/wp-json\/wp\/v2\/pages\/136\/revisions"}],"predecessor-version":[{"id":242,"href":"https:\/\/gnausch.net\/efpwp\/fr\/wp-json\/wp\/v2\/pages\/136\/revisions\/242"}],"up":[{"embeddable":true,"href":"https:\/\/gnausch.net\/efpwp\/fr\/wp-json\/wp\/v2\/pages\/132"}],"wp:attachment":[{"href":"https:\/\/gnausch.net\/efpwp\/fr\/wp-json\/wp\/v2\/media?parent=136"}],"curies":[{"name":"wp","href":"https:\/\/api.w.org\/{rel}","templated":true}]}}