{"id":132,"date":"2014-01-04T14:27:11","date_gmt":"2014-01-04T12:27:11","guid":{"rendered":"http:\/\/gnausch.net\/efpwp\/fr\/?page_id=132"},"modified":"2017-06-25T12:59:44","modified_gmt":"2017-06-25T10:59:44","slug":"qui-nous-sommes","status":"publish","type":"page","link":"https:\/\/gnausch.net\/efpwp\/fr\/qui-nous-sommes\/","title":{"rendered":"Qui Nous Sommes"},"content":{"rendered":"<div title=\"Page 1\">\n<ul>\n<li><strong>Le Concept<\/strong><\/li>\n<li><a title=\"Pourquoi l'\u00e9l\u00e9phant\" href=\"http:\/\/gnausch.net\/efpwp\/fr\/qui-nous-sommes\/pourquoi-l-elephant\"><strong>Pourquoi l&rsquo;\u00e9l\u00e9phant?<\/strong><\/a><\/li>\n<li><a title=\"Nous offrons\u2026\" href=\"http:\/\/gnausch.net\/efpwp\/fr\/qui-nous-sommes\/nous-offrons\"><strong>Nous offrons\u2026<\/strong><\/a><\/li>\n<li><a title=\"Ce que nous repr\u00e9sentons\" href=\"http:\/\/gnausch.net\/efpwp\/fr\/\/qui-nous-sommes\/ce-que-nous-representons\"><strong>Ce que nous repr\u00e9sentons<\/strong><\/a><\/li>\n<li><strong>L&rsquo;initiatrice\u00a0<a title=\"About Rose Marie Gnausch\" href=\"http:\/\/gnausch.net\/efpwp\/what-is-elephants-for-peace\/about-rose-marie-gnausch\/\">\u00a0Rose Marie Gnausch <\/a><\/strong><\/li>\n<\/ul>\n<p style=\"text-align: justify\"><i>Elephants for Peace<\/i>\u00a0a \u00e9t\u00e9 envisag\u00e9e en 2003 par l&rsquo;artiste et historienne d\u2019art <a href=\"http:\/\/gnausch.net\/\">Rose Marie Gnausch<\/a>. Elle a commenc\u00e9 un mouvement mondial, l&rsquo;introduction d\u2019une image pour la majorit\u00e9 pacifique. L&rsquo;\u00e9l\u00e9phant a \u00e9t\u00e9 choisi comme un symbole, car il \u00e9pouse puissance et paix. L&rsquo;\u00e9l\u00e9phant est une figure majestueuse de grande taille, non violent dans sa puissance et qui n\u2019abaisse jamais l&rsquo;Autre.<\/p>\n<p style=\"text-align: justify\">Puisque notre cerveau fonctionne par la fabrication d&rsquo;images constante, les images changent le monde. Par cons\u00e9quent, le symbole de l\u2019\u00e9l\u00e9phant \u00e9pousant paix et puissance modifie la perception de ce monde. Le mouvement Elephants for Peace vous offre une plate-forme pour rendre la paix puissante visible.<\/p>\n<p><a href=\"http:\/\/gnausch.net\/efpwp\/participate\/\"><strong>Donner une image \u00e0 votre une voix!<\/strong><\/a><\/p>\n<p><i>Elephants for Peace<\/i>, , en tant que mouvement est ouvert \u00e0 la participation et peut \u00eatre cr\u00e9\u00e9 \u00e0 tout moment en tout lieu.<\/p>\n<\/div>\n<p><em><small>&#8230; La paix est une question qui nous concerne tous, qui doit \u00eatre c\u00e9l\u00e9br\u00e9 et regagn\u00e9 chaque jour \u00e0 nouveau. Elle [Rose Marie Gnausch] est une personne qui ne reste pas passivement \u00e0 regarder, mais s\u2019engage consciemment pour la paix mondiale. L&rsquo;artiste et historienne d&rsquo;art allemande aimerait attirer l&rsquo;attention sur le fait que la majorit\u00e9 des gens sont pour la paix du fond du c\u0153ur, mais croient qu&rsquo;ils n&rsquo;ont aucun moyen de parvenir \u00e0 la paix gr\u00e2ce \u00e0 la puissance \u00e9crasante de la n\u00e9gativit\u00e9 en cours. L&rsquo;individu se sent seul, dans le sens de \u00ab je ne peux rien faire de toute fa\u00e7on\u00a0\u00bb. Briser la croyance dans le statu quo est l\u2019objectif principal du projet d\u2019art pour la paix de Elephants for Peace. En participant au projet, l&rsquo;intention de paix de l&rsquo;individu est visible et donc connu des autres&#8230;Je rends hommage \u00e0 ce projet, un projet unifiant, significatif et esp\u00e8re que beaucoup de gens vont le soutenir par tous les moyens possibles&#8230;<\/small><\/em><br \/>\n<em> <small>Christa Klass<\/small><\/em><br \/>\n<em> <small>Membre du Parlement eEurop\u00e9en<\/small><\/em><br \/>\n<em> <small>29\/09\/09<\/small><\/em><\/p>\n","protected":false},"excerpt":{"rendered":"<p>Le Concept Pourquoi l&rsquo;\u00e9l\u00e9phant? Nous offrons\u2026 Ce que nous repr\u00e9sentons L&rsquo;initiatrice\u00a0\u00a0Rose Marie Gnausch Elephants for Peace\u00a0a \u00e9t\u00e9 envisag\u00e9e en 2003 par l&rsquo;artiste et historienne d\u2019art Rose Marie Gnausch. Elle a commenc\u00e9 un mouvement mondial, l&rsquo;introduction d\u2019une image pour la majorit\u00e9 pacifique. L&rsquo;\u00e9l\u00e9phant a \u00e9t\u00e9 choisi comme un symbole, car il \u00e9pouse puissance et paix. L&rsquo;\u00e9l\u00e9phant <a class=\"read-more\" href=\"https:\/\/gnausch.net\/efpwp\/fr\/qui-nous-sommes\/\">[&hellip;]<\/a><\/p>\n","protected":false},"author":2,"featured_media":0,"parent":0,"menu_order":0,"comment_status":"closed","ping_status":"closed","template":"","meta":[],"_links":{"self":[{"href":"https:\/\/gnausch.net\/efpwp\/fr\/wp-json\/wp\/v2\/pages\/132"}],"collection":[{"href":"https:\/\/gnausch.net\/efpwp\/fr\/wp-json\/wp\/v2\/pages"}],"about":[{"href":"https:\/\/gnausch.net\/efpwp\/fr\/wp-json\/wp\/v2\/types\/page"}],"author":[{"embeddable":true,"href":"https:\/\/gnausch.net\/efpwp\/fr\/wp-json\/wp\/v2\/users\/2"}],"replies":[{"embeddable":true,"href":"https:\/\/gnausch.net\/efpwp\/fr\/wp-json\/wp\/v2\/comments?post=132"}],"version-history":[{"count":20,"href":"https:\/\/gnausch.net\/efpwp\/fr\/wp-json\/wp\/v2\/pages\/132\/revisions"}],"predecessor-version":[{"id":285,"href":"https:\/\/gnausch.net\/efpwp\/fr\/wp-json\/wp\/v2\/pages\/132\/revisions\/285"}],"wp:attachment":[{"href":"https:\/\/gnausch.net\/efpwp\/fr\/wp-json\/wp\/v2\/media?parent=132"}],"curies":[{"name":"wp","href":"https:\/\/api.w.org\/{rel}","templated":true}]}}