{"id":100,"date":"2013-12-20T12:26:51","date_gmt":"2013-12-20T10:26:51","guid":{"rendered":"http:\/\/gnausch.net\/efpwp\/fr\/?page_id=100"},"modified":"2024-11-06T17:25:34","modified_gmt":"2024-11-06T15:25:34","slug":"start","status":"publish","type":"page","link":"https:\/\/gnausch.net\/efpwp\/fr\/","title":{"rendered":"Start"},"content":{"rendered":"<h2 style=\"text-align: center;\"><b><i>Puissance et Paix<\/i><\/b><\/h2>\n<h4 style=\"text-align: center;\">Actualit\u00e9:<\/h4>\n<p style=\"text-align: center;\">Joignez vous a nous pour une comemoration du jour de la chute du mur a Santa Coloma de Gramanet: le 9 novembre 2024 de 11:30 a 16h.<\/p>\n<p style=\"text-align: center;\">Inscriptions eventosmieses@gmail.com<\/p>\n<p><img class=\"aligncenter\" src=\"https:\/\/gnausch.net\/efpwp\/wp-content\/uploads\/2024\/10\/Celebramos-la-Paz-Nov-9-2024-212x300.jpg\" \/><\/p>\n<p style=\"text-align: left;\"><strong><em>Elephants for Peace est un mouvement mondial d&rsquo;art participatif<\/em><\/strong>. Le symbole de l&rsquo;\u00e9l\u00e9phant est synonyme de <strong>Paix et Puissance<\/strong>.<\/p>\n<p style=\"text-align: left;\">[simnor_media type=\u00a0\u00bbyoutube\u00a0\u00bb url=\u00a0\u00bbVZQDRHfG9jI\u00a0\u00bb width=\u00a0\u00bb100%\u00a0\u00bb height=\u00a0\u00bb400&Prime;]<\/p>\n<p style=\"text-align: left;\">Tout le monde avec un d\u00e9sir d&rsquo;un monde harmonieux est invit\u00e9 \u00e0 cr\u00e9er un \u00e9l\u00e9phant.<\/p>\n<p style=\"text-align: left;\">La <strong>Majorit\u00e9 Pacifique<\/strong> existe. Rendons la visible. Diffusez l&rsquo;image de l&rsquo;\u00e9l\u00e9phant pour la paix. Nous vous offrons la plate-forme pour rendre votre <strong>voix visible<\/strong>.<\/p>\n<p>&nbsp;<\/p>\n<p>Pourquoi nous soutenir ?<\/p>\n<p>En soutenant l&rsquo;ONG vous soutenez les initiatives de paix dans les zones recul\u00e9es, des zones de conflit oubli\u00e9, les zones de conflit, voire toutes les zones sans discriminations.<br \/>\nJoignez-vous \u00e0 l&rsquo;ONG en imprimant et en envoyant <a href=\"http:\/\/gnausch.net\/efpwp\/wp-content\/uploads\/2013\/12\/application-form.pdf\" target=\"_blank\" rel=\"noopener\">le formulaire de demande<\/a> \u00e0 :<\/p>\n<address><i>Elephants for Peace<\/i><br \/>\nc\/o Rose Marie Gnausch<br \/>\nRebschulweg 26<\/address>\n<address>D- 54470 Bernkastel-Kues<\/address>\n<p>Visitez <i>Elephants for Peace<\/i> sur <a href=\"https:\/\/www.facebook.com\/pages\/Elephants-for-Peace\/222961337740633\" target=\"_blank\" rel=\"noopener\">Facebook<\/a> ou demander \u00e0 rejoindre le <a href=\"https:\/\/www.facebook.com\/groups\/55526755210\/?fref=ts\" target=\"_blank\" rel=\"noopener\"> groupe Facebook<\/a><br \/>\nSi vous souhaitez inviter l&rsquo;exposition ou monter un \u00e9v\u00e9nement dans votre r\u00e9gion \u00e9crivez \u00e0<br \/>\n<a href=\"mailto:roma@elephantsforpeace.com\">roma@elephantsforpeace.com<\/a><\/p>\n<blockquote><p><em><small>\u2026En Rose Marie Gnausch, nous avons trouv\u00e9 une personne qui a la volont\u00e9 et le d\u00e9sir de donner un cadre \u00e0 la paix, quelqu&rsquo;un qui consciemment et activement traite le sujet de la paix dans le monde. L&rsquo;artiste et historienne d&rsquo;art allemande s\u2019est mise \u00e0 la t\u00e2che de rendre la paix visible et tangible, de fournir un espace pour la majorit\u00e9 des individus pacifiques sur la plan\u00e8te Terre pour exprimer leur d\u00e9sir de paix \u00e0 travers l&rsquo;art&#8230; Le concept abstrait de la paix re\u00e7oit un symbole de fonctionnement qui dit: \u00abJe peux \u00eatre puissant et pacifique\u00bb&#8230;<\/small><\/em><br \/>\n<em> <small>Celal CIN<\/small><\/em><br \/>\n<em> <small>Adjoint au Maire<\/small><\/em><br \/>\n<em> <small>Nicosia Municipalit\u00e9 Turque<\/small><\/em><br \/>\n<em> <small>28\/09\/2009<\/small><\/em><\/p><\/blockquote>\n<p style=\"text-align: center;\"><img loading=\"lazy\" class=\"aligncenter size-full wp-image-60\" src=\"http:\/\/gnausch.net\/efpwp\/de\/wp-content\/uploads\/sites\/2\/2013\/12\/ganesh-parade.jpg\" alt=\"ganesh-parade\" width=\"979\" height=\"114\" \/><\/p>\n","protected":false},"excerpt":{"rendered":"<p>Puissance et Paix Actualit\u00e9: Joignez vous a nous pour une comemoration du jour de la chute du mur a Santa Coloma de Gramanet: le 9 novembre 2024 de 11:30 a 16h. Inscriptions eventosmieses@gmail.com Elephants for Peace est un mouvement mondial d&rsquo;art participatif. Le symbole de l&rsquo;\u00e9l\u00e9phant est synonyme de Paix et Puissance. [simnor_media type=\u00a0\u00bbyoutube\u00a0\u00bb url=\u00a0\u00bbVZQDRHfG9jI\u00a0\u00bb <a class=\"read-more\" href=\"https:\/\/gnausch.net\/efpwp\/fr\/\">[&hellip;]<\/a><\/p>\n","protected":false},"author":6,"featured_media":0,"parent":0,"menu_order":0,"comment_status":"closed","ping_status":"closed","template":"","meta":[],"_links":{"self":[{"href":"https:\/\/gnausch.net\/efpwp\/fr\/wp-json\/wp\/v2\/pages\/100"}],"collection":[{"href":"https:\/\/gnausch.net\/efpwp\/fr\/wp-json\/wp\/v2\/pages"}],"about":[{"href":"https:\/\/gnausch.net\/efpwp\/fr\/wp-json\/wp\/v2\/types\/page"}],"author":[{"embeddable":true,"href":"https:\/\/gnausch.net\/efpwp\/fr\/wp-json\/wp\/v2\/users\/6"}],"replies":[{"embeddable":true,"href":"https:\/\/gnausch.net\/efpwp\/fr\/wp-json\/wp\/v2\/comments?post=100"}],"version-history":[{"count":21,"href":"https:\/\/gnausch.net\/efpwp\/fr\/wp-json\/wp\/v2\/pages\/100\/revisions"}],"predecessor-version":[{"id":447,"href":"https:\/\/gnausch.net\/efpwp\/fr\/wp-json\/wp\/v2\/pages\/100\/revisions\/447"}],"wp:attachment":[{"href":"https:\/\/gnausch.net\/efpwp\/fr\/wp-json\/wp\/v2\/media?parent=100"}],"curies":[{"name":"wp","href":"https:\/\/api.w.org\/{rel}","templated":true}]}}