{"id":231,"date":"2013-12-25T12:26:18","date_gmt":"2013-12-25T11:26:18","guid":{"rendered":"http:\/\/gnausch.net\/efpwp\/?page_id=231"},"modified":"2016-06-07T13:03:39","modified_gmt":"2016-06-07T12:03:39","slug":"recommendations","status":"publish","type":"page","link":"http:\/\/gnausch.net\/efpwp\/supporters\/recommendations\/","title":{"rendered":"Recommendations"},"content":{"rendered":"<p><a title=\"Supporters\" href=\"http:\/\/gnausch.net\/efpwp\/supporters\/\">back<\/a><\/p>\n<h5>Recommendations<\/h5>\n<p>&nbsp;<\/p>\n<p><a href=\"http:\/\/gnausch.net\/efpwp\/documents\/Armin_Surkus-Anzenhofer_Pastoralreferent_Bistum_Trier.pdf\" target=\"_blank\">Armin Surkus-Anzenhofer, Pastoralreferent Bistum Trier<\/a><\/p>\n<p><a href=\"http:\/\/gnausch.net\/efpwp\/documents\/Beate_L%C3%A4sch-Weber_Landr%C3%A4tin_Bernkastel-Wittlich.pdf\" target=\"_blank\">Beate L\u00e4sch-Weber, Landr\u00e4tin Bernkastel-Wittlich<\/a><\/p>\n<p><a href=\"http:\/\/gnausch.net\/efpwp\/documents\/Bruno_Schmitt_Buergermeister_Perl.pdf\" target=\"_blank\">Bruno Schmitt Buergermeister Perl<\/a><\/p>\n<p><a href=\"http:\/\/gnausch.net\/efpwp\/documents\/Christa-Klass.pdf\" target=\"_blank\">Christa Kla\u00df, MEP<\/a><\/p>\n<p><a href=\"http:\/\/gnausch.net\/efpwp\/documents\/Daphne_Trimikliniotis.pdf\" target=\"_blank\">Daphne Trimikliniotis President of Cyprus Chamber of Art, E.KA.TE<\/a><\/p>\n<p><a href=\"http:\/\/gnausch.net\/efpwp\/documents\/Charles_Danguy_President_CIB_Lorraine.pdf\" target=\"_blank\">Charles Danguy, President CIB Lorraine<\/a><\/p>\n<p><a href=\"http:\/\/gnausch.net\/efpwp\/documents\/Celal_Cin.pdf\" target=\"_blank\">Celal Cin, Turkish Deputy Mayor Nicosia Turkish Municipality<\/a><\/p>\n<p><a href=\"http:\/\/gnausch.net\/efpwp\/documents\/Dr._Karl-Heinz_Frieden_B%C3%BCrgermeister_Konz.pdf\" target=\"_blank\">Dr. Karl-Heinz Frieden B\u00fcrgermeister Konz<\/a><\/p>\n<p><a href=\"http:\/\/gnausch.net\/efpwp\/documents\/Dr._Thietmar_Bachmann_Head_of_Cultural_Department_Consulate_General_of_Germany_New_York.pdf\" target=\"_blank\">Dr. Thietmar Bachmann, Head of Cultural Department, Consulate General of Germany, New York<\/a><\/p>\n<p><a href=\"http:\/\/gnausch.net\/efpwp\/documents\/Eleni_Mavrou_Mayor_of_Nicosia_Cyprus.pdf\" target=\"_blank\">Eleni Mavrou Mayor of Nicosia, Cyprus<\/a>\u00a0(<a href=\"http:\/\/gnausch.net\/efpwp\/documents\/Eleni_Mavrou_Mayor_of_Nicosia_Cyprus2.pdf\" target=\"_blank\">Link 2<\/a>)<\/p>\n<p><a style=\"line-height: 1.5em\" href=\"http:\/\/gnausch.net\/efpwp\/documents\/K.G._Praveen_Kumar_Consul_of_India_to_New_York.pdf\" target=\"_blank\">K.G. Praveen Kumar Consul of India to New York<\/a><\/p>\n<p><a href=\"http:\/\/gnausch.net\/efpwp\/wp-content\/uploads\/2013\/12\/lettera-per-Rose-Marie-Gnausch-Ernesto.pdf\">Longhi Ernesto, former mayor of Valgreghentino<\/a><\/p>\n<p><a href=\"http:\/\/gnausch.net\/efpwp\/documents\/Elephants_for_peace_2011_GRUSSWORT_OB_HERR_JUERGEN_ROTERS.pdf\" target=\"_blank\">Roters J\u00fcrgen, Mayor of Cologne\u00a0 Oberbuergermeister,<\/a>\u00a0 <a href=\"http:\/\/gnausch.net\/efpwp\/wp-content\/uploads\/2013\/12\/J\u00fcrgen-Roters-Oberb\u00fcrgermeister-der-Stadt-K\u00f6ln.pdf\">2<\/a><\/p>\n<p><a href=\"http:\/\/gnausch.net\/efpwp\/documents\/Ute_W%C3%B6rmann-Stylianou_Leiterin_der_Programmabteilung_Goethe-Zentrum_Nicosia.pdf\" target=\"_blank\">Ute W\u00f6rmann-Stylianou Leiterin der Programmabteilung Goethe-Zentrum Nicosia<\/a><\/p>\n","protected":false},"excerpt":{"rendered":"<p>back Recommendations &nbsp; Armin Surkus-Anzenhofer, Pastoralreferent Bistum Trier Beate L\u00e4sch-Weber, Landr\u00e4tin Bernkastel-Wittlich Bruno Schmitt Buergermeister Perl Christa Kla\u00df, MEP Daphne Trimikliniotis President of Cyprus Chamber of Art, E.KA.TE Charles Danguy, President CIB Lorraine Celal Cin, Turkish Deputy Mayor Nicosia Turkish Municipality Dr. Karl-Heinz Frieden B\u00fcrgermeister Konz Dr. Thietmar Bachmann, Head of Cultural Department, Consulate General <a class=\"read-more\" href=\"http:\/\/gnausch.net\/efpwp\/supporters\/recommendations\/\">[&hellip;]<\/a><\/p>\n","protected":false},"author":2,"featured_media":0,"parent":50,"menu_order":0,"comment_status":"closed","ping_status":"closed","template":"","meta":[],"_links":{"self":[{"href":"http:\/\/gnausch.net\/efpwp\/wp-json\/wp\/v2\/pages\/231"}],"collection":[{"href":"http:\/\/gnausch.net\/efpwp\/wp-json\/wp\/v2\/pages"}],"about":[{"href":"http:\/\/gnausch.net\/efpwp\/wp-json\/wp\/v2\/types\/page"}],"author":[{"embeddable":true,"href":"http:\/\/gnausch.net\/efpwp\/wp-json\/wp\/v2\/users\/2"}],"replies":[{"embeddable":true,"href":"http:\/\/gnausch.net\/efpwp\/wp-json\/wp\/v2\/comments?post=231"}],"version-history":[{"count":17,"href":"http:\/\/gnausch.net\/efpwp\/wp-json\/wp\/v2\/pages\/231\/revisions"}],"predecessor-version":[{"id":1325,"href":"http:\/\/gnausch.net\/efpwp\/wp-json\/wp\/v2\/pages\/231\/revisions\/1325"}],"up":[{"embeddable":true,"href":"http:\/\/gnausch.net\/efpwp\/wp-json\/wp\/v2\/pages\/50"}],"wp:attachment":[{"href":"http:\/\/gnausch.net\/efpwp\/wp-json\/wp\/v2\/media?parent=231"}],"curies":[{"name":"wp","href":"https:\/\/api.w.org\/{rel}","templated":true}]}}