{"id":88,"date":"2013-12-19T16:08:39","date_gmt":"2013-12-19T14:08:39","guid":{"rendered":"http:\/\/gnausch.net\/efpwp\/fr\/?page_id=88"},"modified":"2016-04-25T17:55:35","modified_gmt":"2016-04-25T15:55:35","slug":"liste-des-participants","status":"publish","type":"page","link":"http:\/\/gnausch.net\/efpwp\/fr\/sympathisants\/liste-des-participants\/","title":{"rendered":"Liste des participants"},"content":{"rendered":"<p><a title=\"Sympathisants\" href=\"http:\/\/gnausch.net\/efpwp\/fr\/sympathisants\/\">back<\/a><\/p>\n<h5>Liste des participants<\/h5>\n<p>&nbsp;<\/p>\n<ol>\n<li>Abdoul Samad<\/li>\n<li>Abedi Mass<\/li>\n<li>Abell\u00f3 Joan<\/li>\n<li>Achilleos Achilleas<\/li>\n<li>Ackermann Andrea<\/li>\n<li>Adam J\u00fcrgen<\/li>\n<li>Adams Alice<\/li>\n<li>Adams Natalie<\/li>\n<li>Adams-Voltz Kerstin<\/li>\n<li>Adelberger Michaela<\/li>\n<li>Adrian <a href=\"http:\/\/adrian-art-bonn.de\/ver%C3%B6ffentlichungen\/\">Heidi <\/a><\/li>\n<li>Aktiv Frauennetz<\/li>\n<li>Albert Bc<\/li>\n<li>Albrecht Jeremy<\/li>\n<li>Albrecht Jessica<\/li>\n<li>Albrecht Klaus<\/li>\n<li>Altmeyer Andi<\/li>\n<li>Amarzilli Sandra<\/li>\n<li>Amer Jutta<\/li>\n<li>Amerkamp Birgit http:\/\/www.amerkamp-arte.de\/40412.html<\/li>\n<li>Amerkamp Manfred http:\/\/www.amerkamp-arte.de\/40412.html<\/li>\n<li>Andersky Christina<\/li>\n<li>Anderson-Kulot Christina http:\/\/christinakulot.wordpress.com<\/li>\n<li>Antoine Jean-Michel<\/li>\n<li>Apelt Kalle<\/li>\n<li>Apolloni Jo\u00ebl<\/li>\n<li>Arhan Merve<\/li>\n<li>Arkan Merve<\/li>\n<li>Armour Stuart http:\/\/stuart-armour.com<\/li>\n<li>Arose Niki<\/li>\n<li>Arquer Dr. phil. Josef<\/li>\n<li>Artchannel Rose<\/li>\n<li>Atacli Hasan<\/li>\n<li>Atai Serdar<\/li>\n<li>Atay Isik<\/li>\n<li>Augustin Silke http:\/\/www.kunstsalon-mittelmosel.de\/silke.htm<\/li>\n<li>Ayoung Poyin<\/li>\n<li>Bach Wilfried<\/li>\n<li>Bachmann Thietmar<\/li>\n<li>Backhaus Detlef http:\/\/www.detlefbackhaus.de<\/li>\n<li>Baker Alice<\/li>\n<li>Balensiefen Torsten<\/li>\n<li>Balestri Sara<\/li>\n<li>Bardini Daniela<\/li>\n<li>Bartling Marli<\/li>\n<li>Bartzen Bettina<\/li>\n<li>Barzen Rainer<\/li>\n<li>Basten Elke<\/li>\n<li>Bastjen Otto Maria<\/li>\n<li>Baumann Martina<\/li>\n<li>Baumgarten Prof. Dr. Helga<\/li>\n<li>Baumgartl Nomi http:\/\/www.i-wonder-nomi.com<\/li>\n<li>Bauschke Irmgard<\/li>\n<li>Bayryossi Claudia<\/li>\n<li>Becher Linda<\/li>\n<li>Beckmann Natascha<\/li>\n<li>Behrendt Esther<\/li>\n<li>Belitz Gerda<\/li>\n<li>Bellinghausen Margarete<\/li>\n<li>Bentz Josep F\u00e8lix http:\/\/www.reialcercleartistic.cat\/jm\/<\/li>\n<li>Beretz Alain<\/li>\n<li>Berger Juliane Helene<\/li>\n<li>Bergmann-Pohl Sabine Dr.<\/li>\n<li>Bernadini Fabienne<\/li>\n<li>Bernard Roswita<\/li>\n<li>Bernsdorf Ilona<\/li>\n<li>Bertrams Hedy<\/li>\n<li>Bewerunge Christian<\/li>\n<li>Beyidoglu Mehves<\/li>\n<li>Bhee Rachell<\/li>\n<li>Biermann Eva<\/li>\n<li>Billiard Olivier<\/li>\n<li>Binder Pat<\/li>\n<li>Binz <a href=\"http:\/\/www.mana-binz.de\/news\/elephantsforpeace.php\">Mana <\/a><\/li>\n<li>Bippes Claudia<\/li>\n<li>Birinci Deniz<\/li>\n<li>Biswas Mellamphy Nandita<\/li>\n<li>Blanchard Elisabeth<\/li>\n<li>Bloemer Carmen<\/li>\n<li>Blotevogl Monica<\/li>\n<li>Bluhm Sylke<\/li>\n<li>Boccone Emilio<\/li>\n<li>Bode Konrad<\/li>\n<li>Boden Katja<\/li>\n<li>Bodenheimer Rouven F.<\/li>\n<li>Boehm Dr. Peter M.<\/li>\n<li>Bogardy Zsuzsi<\/li>\n<li>B\u00f6hle Karl<\/li>\n<li>B\u00f6hme Artur<\/li>\n<li>B\u00f6hme Susanne<\/li>\n<li>B\u00f6hmer Manfred<\/li>\n<li>Bold Leaders <a href=\"http:\/\/boldleaders.com\">http:\/\/boldleaders.com<\/a><\/li>\n<li>B\u00f6ll Susan<\/li>\n<li>B\u00f6ni Beda<\/li>\n<li>Bonifarti Elisabetta<\/li>\n<li>Bosch Doris<\/li>\n<li>Bo\u00df Andrea<\/li>\n<li>Bosworth Marylin<\/li>\n<li>Botello Yaotzin<\/li>\n<li>B\u00f6tme Susanne<\/li>\n<li>B\u00f6tmer Susanne<\/li>\n<li>Bramnick David<\/li>\n<li><a href=\"http:\/\/www.brauweilerblog.de\/2012\/10\/17\/abtei-brauweiler-mein-beitrag-fur-elephants-for-peace\/\">Brauweiler<\/a>\u00a0<a href=\"http:\/\/www.thedjiva.com\/street-art\/olympus-digital-camera-3\/\">Link<\/a><\/li>\n<li>Brenner Heike<\/li>\n<li>Brenner Rainer<\/li>\n<li>Bretz Jutta<\/li>\n<li>Brillen Kohlbacher<\/li>\n<li>Brochert Barbara<\/li>\n<li>Brock Bernd<\/li>\n<li>Bruch Konrad<\/li>\n<li>Bruchhaus Michael<\/li>\n<li>Budny Virginia<\/li>\n<li>Bulatovic <a href=\"http:\/\/www.nadja-bulatovic.de\/Eng\/Html\/Konzerte.htm\">Nadja <\/a><\/li>\n<li>Bunne Egon<\/li>\n<li>Burgarten Dahms<\/li>\n<li>Busch Cp<\/li>\n<li>B\u00fcsch <a href=\"http:\/\/www.bueschkunst.mynetcologne.de\/fsetaus.htm\">Gitta <\/a><\/li>\n<li>Buslei Alexandra<\/li>\n<li>Busse Anette<\/li>\n<li>Caglayan Bugu Melis<\/li>\n<li>\u00c7aml\u0131k\u00f6yl\u00fc Fatma<\/li>\n<li>Cammarata Guiseppe<\/li>\n<li>Canali Tatiana<\/li>\n<li>Carloni Serena<\/li>\n<li>Caspari Caspari<\/li>\n<li>Cellura Prof. Maurizio<\/li>\n<li>Ceraso Fortunato<\/li>\n<li>Cetinsavas Serhat<\/li>\n<li>Chalbi Nadia<\/li>\n<li>Chambolle Jean-Pierre<\/li>\n<li>Chambolle Xavier<\/li>\n<li>Charrondiere Patricia<\/li>\n<li>Chojnowski Mary Leigh<\/li>\n<li>Christen Klara<\/li>\n<li>Christodoulides Zoe<\/li>\n<li>Christofi Christina http:\/\/www.christinachristofi.com\/en\/<\/li>\n<li>Clara-Becker Claudia<\/li>\n<li>Cohen Joseph<\/li>\n<li>Constantinou <a href=\"http:\/\/www.penelope-art.net\/index.php?option=com_content&amp;view=article&amp;id=5&amp;Itemid=5&amp;lang=en\">Penelope <\/a><\/li>\n<li>Conter Bert<\/li>\n<li>Couffy Frederic<\/li>\n<li>Covelli Fabrice<\/li>\n<li>Cuny Claude<\/li>\n<li>Curtet Alexandre<\/li>\n<li>Cypriotforum German<\/li>\n<li><a href=\"http:\/\/www.ekatecy.com\/news\/news_20090102.htm\">Cyprus Chamber of Fine Arts<\/a><\/li>\n<li>D. Haun Heinz<\/li>\n<li>Dadoua Eleonore<\/li>\n<li>Daemisch Dipl.-Ing. Georg<\/li>\n<li>Dale Karen<\/li>\n<li>Dall&rsquo;o&rsquo;Etter Mariette<\/li>\n<li>Damini Claire<\/li>\n<li>Danon Dominique<\/li>\n<li>Danon Lise<\/li>\n<li>Daragmeh Diban<\/li>\n<li>Dassmann Philippe<\/li>\n<li>de Luca Xavier<\/li>\n<li>de Sant Feliu Ortario<\/li>\n<li>de WaalRoos Henk<\/li>\n<li>Deborea Barbara<\/li>\n<li>Decroos Winny<\/li>\n<li>Delvalle Evelyn<\/li>\n<li>Demartelaere Emmy<\/li>\n<li>Demetriou Haris<\/li>\n<li>D\u00e9n\u00e8s Mathilde intern<\/li>\n<li>Depoorter Philippe<\/li>\n<li>Deserno <a href=\"http:\/\/www.katharinadeserno.de\/index\/en\/news_en.html\">Katharina <\/a><\/li>\n<li>Deubel Martin<\/li>\n<li>Devalle Evelyn<\/li>\n<li>di Bernado Lucina<\/li>\n<li>Diebold Markus<\/li>\n<li>Dieckmann Heinrich-Dietrich<\/li>\n<li>Dieckmann Volker<\/li>\n<li>Dillmann Ulrich<\/li>\n<li>Dimmer Anja<\/li>\n<li>Diop Bayla<\/li>\n<li>Doerries Anja<\/li>\n<li>Doetsch J\u00fcrgen<\/li>\n<li>D\u00f6ppes<\/li>\n<li>Dories Anja<\/li>\n<li>Dortans Nicole<\/li>\n<li>Dossmann Philippe<\/li>\n<li>Dreibus Werner<\/li>\n<li>Drouin<\/li>\n<li>Dzierynski Katherine<\/li>\n<li>Economou Arianna<\/li>\n<li>Edelkraut Ina<\/li>\n<li>Eiberger Bernhard<\/li>\n<li>Eichhorn Helmut http:\/\/www.helmut-eichhorn-art.de<\/li>\n<li>Elaine<\/li>\n<li>Eller Ritta<\/li>\n<li>Engel Normann<\/li>\n<li>Enser Soraya<\/li>\n<li>Erbay Ph.D. Fethiye<\/li>\n<li>Erhardt Anja<\/li>\n<li>Erk Kurlay<\/li>\n<li>Ernst Brigitta<\/li>\n<li>Ernst Hans-Joachim<\/li>\n<li>Eser Sezgi<\/li>\n<li>Eser Susanne<\/li>\n<li>Esselen Henri<\/li>\n<li>Evangelou Gregori<\/li>\n<li>Ewertz Edgar<\/li>\n<li>Faas Matthias<\/li>\n<li>Fairhead Niall<\/li>\n<li>Farhat-Naser Sumaya<\/li>\n<li>Fass Frank<\/li>\n<li>Fehrmann Weinhandel<\/li>\n<li>Feidmann Giora<\/li>\n<li>Feist Silvia<\/li>\n<li>Felter Walter<\/li>\n<li>Fesel Bernd<\/li>\n<li>Fichtner Gabi<\/li>\n<li>Field Tanya<\/li>\n<li>Fien Verena<\/li>\n<li>Fisio Silvana<\/li>\n<li>Flesch Mischa<\/li>\n<li>Floral Ulrich<\/li>\n<li>Fonck Daniele<\/li>\n<li>Foron Renz<\/li>\n<li>Fouguieres Sophie<\/li>\n<li>Fraczek Jacek<\/li>\n<li>Franczek Jacek<\/li>\n<li>Frank Sylvia<\/li>\n<li>Frauennetzwerk f\u00fcr Frieden e.V.<\/li>\n<li>Frazier Sharon<\/li>\n<li>Freudenburg Grundschule School<\/li>\n<li>Frieden Dr.Karl-Heinz<\/li>\n<li>Fries Elisabeth<\/li>\n<li>Frings Norbert Dr.<\/li>\n<li>Fr\u00f6bel GmbH K\u00f6ln<\/li>\n<li>Fr\u00f6hlich Christine http:\/\/christinefroehlich.de!<\/li>\n<li>Fr\u00f6schel Frauke<\/li>\n<li>Fuchs Wolfgang<\/li>\n<li>Furuta Joy<\/li>\n<li>Ganterbrink Hans Georg<\/li>\n<li>Garcon Stephan http:\/\/www.lichtbildner-kombinat.de\/?page_id=126<\/li>\n<li>Garms Dietke<\/li>\n<li>Garrecht Elisabeth<\/li>\n<li>Gazi Can<\/li>\n<li>Geisb\u00fcsch Petra<\/li>\n<li>Genc Fulya<\/li>\n<li>Genter Sandra<\/li>\n<li>Gerlach Rolf Dr.<\/li>\n<li>Gerz Jochen<\/li>\n<li>Ghei Anita<\/li>\n<li>Gibbens Catherine<\/li>\n<li>Gielisch Claus<\/li>\n<li>Gnausch Anne<\/li>\n<li>Gnausch Rebecca<\/li>\n<li>Gnausch Steffi<\/li>\n<li>Golach Rolf Dr.<\/li>\n<li>Golan Romy<\/li>\n<li>Goldmann Bernhard<\/li>\n<li>Gorius Rudi<\/li>\n<li>Graff\u00e9 Mathias<\/li>\n<li>Grandpair Bernard<\/li>\n<li>Gras Balaguer Menene<\/li>\n<li>Grassl Johannes<\/li>\n<li>Grauer Silja<\/li>\n<li>Grauheding Thilo<\/li>\n<li>Gregori Juliane<\/li>\n<li>Grichting Dr. Anna<\/li>\n<li>Grimm-Kirchner Marion<\/li>\n<li>Grogsby Kelly<\/li>\n<li>Gross Hildegard<\/li>\n<li>Gro\u00df-Elsen W\u00f6lfgang<\/li>\n<li>Gro\u00dfert Olaf<\/li>\n<li>Gruber Johanna<\/li>\n<li>Gr\u00fcnke Sabine<\/li>\n<li>Gu\u00e9rin Michel Charles<\/li>\n<li>Guglielmo Pierluigi<\/li>\n<li>Guney Nilgun<\/li>\n<li>G\u00fcnther Sonja<\/li>\n<li>Gurti Melek<\/li>\n<li>Hadenfeld<\/li>\n<li>Hager Paperpront GmbH<\/li>\n<li><a href=\"http:\/\/www.hagerpapprint.de\/aktuelles.php\">Hager Papprint<\/a><\/li>\n<li>Halayaqa<\/li>\n<li>Halit Hulusi<\/li>\n<li>Hammacher Martin<\/li>\n<li>Hansen Dietmar<\/li>\n<li>Hartmann Petra<\/li>\n<li>Haschemi <a href=\"http:\/\/www.maxjazz.de\/TERMINE.html\">Maximilian <\/a><\/li>\n<li>Hassabi Agni<\/li>\n<li>Haun Heinz-D.<\/li>\n<li>Hauth Uwe<\/li>\n<li>Hecht <a href=\"http:\/\/manava.jimdo.com\/%C3%BCber-mich\/\">Ingrid <\/a><\/li>\n<li>Heck Alan<\/li>\n<li>Hecken Christina<\/li>\n<li>Heidenreich Stefan<\/li>\n<li>Heinen Kristiaan<\/li>\n<li>Heintzen Annette<\/li>\n<li>Heller Hermann Joseph<\/li>\n<li>Helmer Andreas<\/li>\n<li>Helmer Henrick<\/li>\n<li>Hempelmann Sylvia<\/li>\n<li>Henry Stephanie<\/li>\n<li>Hense Kirsten<\/li>\n<li>Hentzen Fabrice<\/li>\n<li>Herges Andrea<\/li>\n<li>Hermanns-Rinke Rudolf<\/li>\n<li>Heumann Corinna<\/li>\n<li>Hidayet Ali<\/li>\n<li>Hienckes Nico<\/li>\n<li>Hilgers Elmar<\/li>\n<li>Hilsenbeck <a href=\"http:\/\/www.antarion.net\/wp-content\/uploads\/antarion\/presse\/20100915-anderswelt-cafe-maximus_allgemeine_zeitung.pdf\">Claus-Uwe <\/a><\/li>\n<li>Hinkel Roderick<\/li>\n<li>Hintermaier Andreas<\/li>\n<li>Hinz G\u00fcnther<\/li>\n<li>Hippmann Rose Marie<\/li>\n<li>Hirschmann <a href=\"http:\/\/www.zeigdeinekunst.de\/zdk-portal\/userProfile\/show\/5507?offset=8&amp;max=8&amp;paginate=artworks#artworks\">Nikolaus <\/a><\/li>\n<li>Hockl\u00e4nder Sammy<\/li>\n<li>Hoffmann Jean-Paul<\/li>\n<li>Hoffmann Manfred<\/li>\n<li>Hollwich Matthias<\/li>\n<li>Homayounfar Ariane<\/li>\n<li>Hooghoff Heike<\/li>\n<li>Hornung Alexander<\/li>\n<li>Horstmann Andrea<\/li>\n<li>Huemer Christian<\/li>\n<li>Huerth Rudolf http:\/\/www.rudolf-huerth.de\/start.html<\/li>\n<li>Hueseyin Muelayim<\/li>\n<li>Hundertmark<\/li>\n<li>Hunter Paul http:\/\/www.paulhunterart.com\/paulhunterart\/Welcome.html<\/li>\n<li>Ikelle-Matiba Imka http:\/\/www.imka-kunst.de<\/li>\n<li>Inatci \u00dcmit<\/li>\n<li>Ingruber Renate<\/li>\n<li>Ipek Ipek<\/li>\n<li>Isik Anil<\/li>\n<li>Islinger nicole<\/li>\n<li>Isphording Susan<\/li>\n<li>Israel Dgania<\/li>\n<li>Iturbe Alejandro Iturbe<\/li>\n<li>Jacoby G\u00fcnther<\/li>\n<li>Jacoby R\u00fcdiger<\/li>\n<li>Jansen Nina<\/li>\n<li>John Nora<\/li>\n<li>Jones Lisa<\/li>\n<li>Jordan Susanne<\/li>\n<li>Juanpere Joan Abell\u00f3<\/li>\n<li>Juengels Iris<\/li>\n<li>J\u00fcnemann Ulli<\/li>\n<li>Jung Arno<\/li>\n<li>Jung Hans-Dieter<\/li>\n<li>Jungermann Tobias<\/li>\n<li>Junker Katja http:\/\/www.toepferei-junker.de\/index.htm<\/li>\n<li>J\u00fcttermann<\/li>\n<li>Kadirbeyoglu Zeynep<\/li>\n<li>Kaestner Silke<\/li>\n<li>Kaiser Guy<\/li>\n<li>Kaivers Georg<\/li>\n<li>Kaivers Iris<\/li>\n<li>Kalck Julia<\/li>\n<li>Kambeck Markus<\/li>\n<li>Kamirez-Chranderson Bettina<\/li>\n<li>Kamlage Doris<\/li>\n<li>Kanter Lynne<\/li>\n<li>Kantner Viola<\/li>\n<li>K\u00e4pper Andre<\/li>\n<li>Kaufmann J\u00fcrgen<\/li>\n<li>Kayaaeti Sibel<\/li>\n<li>Keifer Anja <a href=\"http:\/\/omgraphica.de\">http:\/\/omgraphica.de<\/a><\/li>\n<li>Keiser Alexandra<\/li>\n<li>Kelder Diane<\/li>\n<li>Keller Doerte<\/li>\n<li>Kern Michaela<\/li>\n<li>Kester Natascha<\/li>\n<li>Kester Rena<\/li>\n<li>Khayat Georges<\/li>\n<li>Khoschlessan Jacob http:\/\/www.bfmuz.org\/14.html<\/li>\n<li>Khoschlessan Renate<\/li>\n<li>Kienle Harald http:\/\/www.harald-kienle.de<\/li>\n<li>Kiese Dara<\/li>\n<li>Kiggen Goetz<\/li>\n<li>Kirfel Monika<\/li>\n<li>Kirion Heinrich<\/li>\n<li>Kjaer Lise http:\/\/www.cuny.edu\/index.html<\/li>\n<li>KL Partyservice<\/li>\n<li>Klar Konrad<\/li>\n<li>Kla\u00df MdEP Christa<\/li>\n<li>Klein Lutz<\/li>\n<li>Klincker Jos\u00e9e<\/li>\n<li>Klinge Horst<\/li>\n<li>Kl\u00fcspies Katharina<\/li>\n<li>Kneip Martina<\/li>\n<li>Knick Dr.<\/li>\n<li>Knopp Willy<\/li>\n<li>Koch Annette<\/li>\n<li>Koch David<\/li>\n<li>Koegel Hans-Georg<\/li>\n<li>Koelmel Inken<\/li>\n<li>Koerzel Gudrun<\/li>\n<li>Kohlbacher Carsten<\/li>\n<li>Kohn Andreas<\/li>\n<li>Kolarova Martina<\/li>\n<li>Komorek Mira<\/li>\n<li>Kona Prakash<\/li>\n<li>Koumides Andreas<\/li>\n<li>Kr\u00e4cker Brigitte<\/li>\n<li>Kreutz Inge<\/li>\n<li>Kruft Norbert<\/li>\n<li>Kuhlwein Eckart<\/li>\n<li>Kurtulumus Burcu<\/li>\n<li>Kussinger-Steffes Rosemarie<\/li>\n<li>Kutsch Manfred und Margret<\/li>\n<li>Kuweide Gustav<\/li>\n<li>Kwiecien Agnieska<\/li>\n<li>Lachnitt Gudrun<\/li>\n<li>Lahner-Ptach Beate http:\/\/www.montessori-kaufering.de<\/li>\n<li>Lamm Ingrid<\/li>\n<li>Lamm Sandra<\/li>\n<li>Landrat Schartz G\u00fcnther<\/li>\n<li>Landrat Streit Dr. Joachim<\/li>\n<li>Landr\u00e4tin Schlegel-Friedrich Daniela<\/li>\n<li>Langer Cornelia<\/li>\n<li>Langewitz Oliver<\/li>\n<li>Langner Sebastianhttp:\/\/www.sebastianlangner.de<\/li>\n<li>Lanners Christian<\/li>\n<li>Lannert Fabiola<\/li>\n<li>L\u00e4sch-Weber Beate Landraetin<\/li>\n<li>Lawroswska Malgorazata<\/li>\n<li>Le Bec Eudeline<\/li>\n<li>Lebreton Yvon<\/li>\n<li>LeClair Tina<\/li>\n<li>Lee J&rsquo;hea<\/li>\n<li>Legleitner LL.M. Julia<\/li>\n<li>Legrand Gisela<\/li>\n<li>Lehner Brigitte<\/li>\n<li>Lehnerts Nadia<\/li>\n<li>Leifeld Bernd<\/li>\n<li>Leischner Axel<\/li>\n<li>LeMonds Chuck<\/li>\n<li>Leon Linus<\/li>\n<li>Leyhausen<\/li>\n<li>Leyhausen Kerstin<\/li>\n<li>Licht MdL<\/li>\n<li>Lichthaus<\/li>\n<li>Lielich Antje-Kathrin<\/li>\n<li>Lien FU<\/li>\n<li>Liescher Martha<\/li>\n<li>Lindstedt Oberstleutnant Frank<\/li>\n<li>Loannis Tzanavaros<\/li>\n<li>Lockhart Ina<\/li>\n<li>L\u00f6hr Dirk<\/li>\n<li>Lohrengel Hans-Otto<\/li>\n<li>Ludes Sieglinde<\/li>\n<li>L\u00fcnser Christiane<\/li>\n<li>Macini Anna<\/li>\n<li>Magario Laura<\/li>\n<li>Maier Marion<\/li>\n<li>Makariou Andreas<\/li>\n<li>Malcherek Julia<\/li>\n<li>Malmed\u00e9 Nicole<\/li>\n<li>Manfred Weil http:\/\/www.kuenstlergruppe-bonn.de\/kgb\/index.php\/manfred.html<\/li>\n<li>Mangold Walter http:\/\/www.gymnasiumtt.de<\/li>\n<li>Maria Beate<\/li>\n<li>Marienberg Matthes<\/li>\n<li>Marin Maria Isabel<\/li>\n<li>Marmann Christian http:\/\/www.moselwerbung.de<\/li>\n<li>Marszalek Janusz<\/li>\n<li>Mascia Cincia<\/li>\n<li>Massenez-Heitzmann Manou<\/li>\n<li>Masson Alexis<\/li>\n<li>Maul Val\u00e9ri<\/li>\n<li>McCannon Dindga<\/li>\n<li>Mehlhop Natascha<\/li>\n<li>Mehrmann Leyla<\/li>\n<li>Melnick Joan<\/li>\n<li>Mendgen Sebastian<\/li>\n<li>Menglet Katia<\/li>\n<li>Menzel Stefan<\/li>\n<li>Meogugg Sylvia<\/li>\n<li>Metzger Christiane<\/li>\n<li>Meyer Peter<\/li>\n<li>Michel Roland<\/li>\n<li>Mihn-Latin<\/li>\n<li>Millet Joaquim Ruiz<\/li>\n<li>Modert Octavie<\/li>\n<li>Moessinger I.M.<\/li>\n<li>Mohn F.M.<\/li>\n<li>Molitor Sophie<\/li>\n<li>M\u00f6ller Anja<\/li>\n<li>Molz Druckerei http:\/\/www.molzdruck.de<\/li>\n<li>Monateri Myrtha<\/li>\n<li>Montessorischule Kaufering <a href=\"http:\/\/www.montessori-kaufering.de\/\">www.montessori-kaufering.de<\/a><\/li>\n<li>Moog Annette<\/li>\n<li>Moravia <a href=\"http:\/\/www.moraviaart.com\/cms\/content\/?id=1\">Eliana <\/a><\/li>\n<li>Mosel-Camino Welter Wolfgang<\/li>\n<li>Moser Veit<\/li>\n<li>Mueller Hildegard<\/li>\n<li>Mueller Markus<\/li>\n<li>M\u00fchlberg Michael<\/li>\n<li>M\u00fcller <a href=\"http:\/\/doctv13.wordpress.com\/tag\/christian-philipp-muller\/\">Christian Philipp <\/a><\/li>\n<li>M\u00fcller Simon<\/li>\n<li>M\u00fcller Sonja<\/li>\n<li>M\u00fcller-Varain Daniel<\/li>\n<li>Munglinger Toni<\/li>\n<li>Muth Helge<\/li>\n<li><a href=\"http:\/\/www.muzeum-zamek.pl\/wydarzenia.php\">Muzeum Zamek<\/a><\/li>\n<li>Nafa Hassina<\/li>\n<li>Nauck A<\/li>\n<li>Nauck Th<\/li>\n<li>Nearchou <a href=\"http:\/\/www.artonline.com.cy\/artists\/new-generation\/stefanos-nearchou.html\">Stephanos <\/a><\/li>\n<li>Nei\u00dfen Martin<\/li>\n<li>Neu Agnes<\/li>\n<li>Neumann <a href=\"http:\/\/www.roswitha-neumann.de\/3.html\">Roswitha <\/a><\/li>\n<li>Neuser Frau<\/li>\n<li>Nicole Islinger<\/li>\n<li>Niederpr\u00fcm Bruno<\/li>\n<li>Niefert Gabi<\/li>\n<li>Nigeria Idowou<\/li>\n<li>Nikosan http:\/\/www.nikosan.com<\/li>\n<li>Nippen Stefan<\/li>\n<li>Noltenius Kerstin<\/li>\n<li>Nurtunc Sidika<\/li>\n<li>Oblatenkloster Maria Engelport<\/li>\n<li>Oczkowska <a href=\"http:\/\/www.anetaoczkowska.de\/ueber_mich.1.html\">Aneta <\/a><\/li>\n<li>Oermann Lydia<\/li>\n<li>Oezluesoylu Nail<\/li>\n<li>Olk Rita<\/li>\n<li>Onar Anber<\/li>\n<li>Ontas Barlas Yunus<\/li>\n<li>Onur Zeynep<\/li>\n<li>Oreste<\/li>\n<li>Ortalani Linda<\/li>\n<li>Over Yvonne Kathya<\/li>\n<li>\u00d6zl\u00fcsoylu Nail<\/li>\n<li>Pacykowski Nicola<\/li>\n<li>Paluchowska Beata<\/li>\n<li>Pandav Gauri Anil<\/li>\n<li>Panek Aneta<\/li>\n<li>Pantusco Steven<\/li>\n<li>Papandimitris Christo<\/li>\n<li>Papantonious Loucas<\/li>\n<li>Paphiti Emilia<\/li>\n<li>Pari Satyaa<\/li>\n<li><a href=\"http:\/\/www.passigatti.com\/nc\/information\/fashion-news\/article\/elephants-for-peace.html\">Passigatti<\/a><\/li>\n<li>Patella Rama<\/li>\n<li>Paulsen Petra<\/li>\n<li>Pauly Ralf http:\/\/www.casa-do-mundo.de\/startseite.html<\/li>\n<li>Pavlec Damir<\/li>\n<li>Peacecyprus Coordination<\/li>\n<li>Pech J\u00fcrgen<\/li>\n<li>Peckaitis Gabriela<\/li>\n<li>P\u00e9rez Antonio<\/li>\n<li>Pestalozzi Schule Neckarsulm http:\/\/www.pestalozzischule-neckarsulm.de<\/li>\n<li>Peters Ludger<\/li>\n<li>Peters Nicole<\/li>\n<li>Petrou Helena<\/li>\n<li>Pfarrer Hunder Steffen<\/li>\n<li>Philippou Ioanna<\/li>\n<li>Pilavas Dorothee<\/li>\n<li>Pilny Karl<\/li>\n<li>Plexidas Nicolas P.<\/li>\n<li>Polley Peter<\/li>\n<li>Polnauer Dorette http:\/\/www.dorette-polnauer.de<\/li>\n<li>Poss Dr. Stefan<\/li>\n<li>Pouros Panikos<\/li>\n<li>Prada Diana<\/li>\n<li>Praveen Kumar K.G.<\/li>\n<li>Preece Maeve<\/li>\n<li>Presse Athen<\/li>\n<li>Presse Cisse Alassane<\/li>\n<li>Presse Fuhr Eckhard<\/li>\n<li>Presse Gei\u00dfb\u00fcsch Petra<\/li>\n<li>Presse Heid Christina<\/li>\n<li>Presse Klostermann Dietmar<\/li>\n<li>Presse Kotynek Martin<\/li>\n<li>Presse Landes Art Chef<\/li>\n<li>Presse Mayer Peter<\/li>\n<li>Presse Neuschw\u00e4nder Karsten<\/li>\n<li>Presse Peters Ludger<\/li>\n<li>Presse Schneider Jean-Paul<\/li>\n<li>Presse Schoentgen Marc<\/li>\n<li>Presse Schwambach Herr<\/li>\n<li>Presse Severin Andreas<\/li>\n<li>Presse Stark Margit<\/li>\n<li>Presse Tiator K.<\/li>\n<li>Presse Verquin Francis<\/li>\n<li>Preu\u00df Wolfganghttp:\/\/www.buddha-museum.de<\/li>\n<li>Preywisch Andreas<\/li>\n<li>Pries Birgit<\/li>\n<li>Profibutr Eser U.<\/li>\n<li>Pr\u00fctz Harald<\/li>\n<li>Pufke Andrea<\/li>\n<li>Puntes Juan<\/li>\n<li>Quappe Steffen Stephan http:\/\/www.binsfeld.de\/index.php?lang=en Ra Christine<\/li>\n<li>Rabot Patrick http:\/\/www.locoprod-animation.fr<\/li>\n<li>Racine Rober<\/li>\n<li>Racke Joerg<\/li>\n<li>Rakewitz Klaus<\/li>\n<li>R\u00e4tz Andrea<\/li>\n<li>Reding Alex<\/li>\n<li>Rein Sophie<\/li>\n<li>Reinkeke Astrid<\/li>\n<li>Renn Julie<\/li>\n<li>Retterbush Herta<\/li>\n<li>Rettig Claus<\/li>\n<li>Reuschenbach Ren\u00e9<\/li>\n<li>Rex Sonia<\/li>\n<li>Richarts Stephanie<\/li>\n<li>Richter Ilse<\/li>\n<li>Richter Joachim http:\/\/www.saarcontrolling.de<\/li>\n<li>Rieb Tanja<\/li>\n<li>Ritchie Rachel<\/li>\n<li>Ritscheriki Goran<\/li>\n<li>Rodenkirch Joachim<\/li>\n<li>Rodriguez Beatriz<\/li>\n<li>Roese Lothar<\/li>\n<li>Rohde Dominicus http:\/\/schengenpeacefoundation.org<\/li>\n<li>Roland Bernd<\/li>\n<li>Rollinger G\u00e9rald<\/li>\n<li>Ronnefeldt Clemens<\/li>\n<li>Roters <a href=\"http:\/\/www.eventea.de\/img\/Elephants_for_peace_2011_GRUSSWORT_OB_HERR_JUERGEN_ROTERS.pdf\">J\u00fcrgen <\/a><\/li>\n<li>Roth Ute Lise<\/li>\n<li>Rousseau Alain<\/li>\n<li>Rummel Barbara<\/li>\n<li><a href=\"http:\/\/www.saatchionline.com\/brigittesa\">Saatchi<\/a><\/li>\n<li>Salaou Nafiou<\/li>\n<li>Salmeron Sergio<\/li>\n<li>Sariaslan Lora<\/li>\n<li>Saugstad <a href=\"http:\/\/brigittesaugstad.com\/exhibitions\/\">Brigitte <\/a><\/li>\n<li>Saugstad Edward<\/li>\n<li>Scanvic-Reimann Claudia<\/li>\n<li>Schaaf J\u00fcrgen<\/li>\n<li>Sch\u00e4fer Dirk<\/li>\n<li>Schamel Asha<\/li>\n<li>Schartz G\u00fcnther<\/li>\n<li>Scheffer Kornelia<\/li>\n<li>Schepping Wolfgang<\/li>\n<li>Schermann<\/li>\n<li>Scheuer Gertraud<\/li>\n<li>Schlegel-Friedrich<\/li>\n<li>Schlemmer J\u00fcrgen<\/li>\n<li>Schmelzer Christoph<\/li>\n<li>Schmidt Corinna<\/li>\n<li>Schmidt Dagmar<\/li>\n<li>Schmitt Bruno<\/li>\n<li>Schmitt Michael<\/li>\n<li>Schmitz Hans<\/li>\n<li>Schmitz Katja http:\/\/www.2goldfisch.de<\/li>\n<li>Schmitz Kulturb\u00fcro Engelbert<\/li>\n<li>Schmitz-H\u00f6hn<\/li>\n<li>Schneiders Michael<\/li>\n<li>Scholl Susanne<\/li>\n<li>Scholz Helga<\/li>\n<li>Schotte Tim<\/li>\n<li>Schotte-Mertens Kerstin<\/li>\n<li>Schramma Dr.h.c. Fritz<\/li>\n<li>Schraut Elisabeth<\/li>\n<li>Schreck Annette<\/li>\n<li>Schreiber A.<\/li>\n<li>Schreiber Andrea<\/li>\n<li>Schr\u00f6ter Alfred<\/li>\n<li>Sch\u00fcler Silko<\/li>\n<li>Schumacher Beate<\/li>\n<li>Schumacher Peter<\/li>\n<li>Schwarz Andre<\/li>\n<li>Schweizer Anne http:\/\/www.sos-childrensvillages.org\/where-we-help\/europe\/luxembourg<\/li>\n<li>Seidel Heinz-Peter Dr.<\/li>\n<li>Seifert Sabine<\/li>\n<li>Serdar Dogan<\/li>\n<li>Servatius Annelie<\/li>\n<li>S\u00e9very Annette<\/li>\n<li>Shabelewska Silas<\/li>\n<li>Sibel Algan Zeynep<\/li>\n<li>Simon Harald<\/li>\n<li>Simon Winfried http:\/\/www.volksfreund.de<\/li>\n<li>Sonja and Sen http:\/\/www.sonjavank.com<\/li>\n<li>Sopha Wolfram<\/li>\n<li>Sophocleous Pantelis http:\/\/www.oikologiafeeo.org<\/li>\n<li>Sorbello Marina<\/li>\n<li>Soria Laura http:\/\/laurasoria.com<\/li>\n<li>Speer Sandra<\/li>\n<li>Spielmann Antoinette http:\/\/www.franceinter.fr\/personne-antoinette-spielmann<\/li>\n<li>Spies Theresa<\/li>\n<li>Spits Mike<\/li>\n<li>Stahr Christina http:\/\/www.christinastahr.com\/christinastahr.com\/Welcome.html<\/li>\n<li>Stamatiadis Karin &amp; Evripidis<\/li>\n<li>Stegen Joern G.<\/li>\n<li>Stegen Rashida<\/li>\n<li>Steichen Laurent<\/li>\n<li>Steil Petra<\/li>\n<li>Stephan Heike<\/li>\n<li>Stephan Peter<\/li>\n<li>Stojanovic<\/li>\n<li>Stooff Kerstin<\/li>\n<li>Storb Ilse<\/li>\n<li>Strasser Marie-Luise<\/li>\n<li>Stuckenberg Holger<\/li>\n<li>Subirana Rosa Mar\u00eda<\/li>\n<li>Supriyanto Enin<\/li>\n<li>Surkus-Anzenhofer Armin<\/li>\n<li>Symeonidis Anestis<\/li>\n<li>Szimm Regine<\/li>\n<li>Tan Yvan<\/li>\n<li>Tanali Ziya<\/li>\n<li>Tascon Isidro<\/li>\n<li>Tassopoulos Eline<\/li>\n<li>Tekbook Wolfgang<\/li>\n<li>Tempus Eva<\/li>\n<li>The Elders<\/li>\n<li>Thelen Sigrid-Maria<\/li>\n<li>Thompson Nancy<\/li>\n<li>Thupken Tokemey<\/li>\n<li>Thusong Ya Modimo<\/li>\n<li>Tilki Melek<\/li>\n<li>Toezen Coskun<\/li>\n<li>Tomaselli Delphine<\/li>\n<li>Tonner Richard<\/li>\n<li>Totaro Anita<\/li>\n<li>Trapp Wiebke http:\/\/www.tageblatt.lu<\/li>\n<li>Trautmann <a href=\"http:\/\/www.heiditrautmann.com\/category.aspx?CID=3744478466\">Heidi <\/a><a href=\"http:\/\/www.heiditrautmann.com\/\">http:\/\/www.heiditrautmann.com\/<\/a><\/li>\n<li>Treiber Andrea<\/li>\n<li>Treinies Manuela<\/li>\n<li>Troes Peter<\/li>\n<li>Trossen Rudolf<\/li>\n<li>Tunar Ilkem<\/li>\n<li>Ulm Helmut<\/li>\n<li>Uludag Sevgul<\/li>\n<li>Unger Lydia<\/li>\n<li>Vachon Christian<\/li>\n<li>van den Valentyn Robert<\/li>\n<li>van Oy Petra <a href=\"http:\/\/www.petravanoy.de\/\">http:\/\/www.petravanoy.de\/<\/a><\/li>\n<li>Vethaak Jasper<\/li>\n<li>Visbeek Johan<\/li>\n<li>Vivie Dominique<\/li>\n<li>Voelker Gudrun<\/li>\n<li>Vogelf\u00e4nger Hans<\/li>\n<li>Vortm\u00fcller Angelika<\/li>\n<li>Vortm\u00fcller Gerd<\/li>\n<li>Wacher Martha<\/li>\n<li>Wachsmuth Dr.<\/li>\n<li>Waechter Monika http:\/\/www.pwg-wittlich.de\/neuigkeiten-und-termine\/aktuelles.html<\/li>\n<li>Wagner Daniela<\/li>\n<li>Walker Martha<\/li>\n<li>Wang Qiang<\/li>\n<li>Wantzen Christian<\/li>\n<li>Wassermann Deborah<\/li>\n<li>Waters Kate<\/li>\n<li>Webb Mick<\/li>\n<li>Weber Roger<\/li>\n<li>Weibrecht Mana Binz www.<b>mana<\/b>&#8211;<b>binz<\/b>.de<\/li>\n<li>Weierstall Horst<\/li>\n<li>Weiss Veronika<\/li>\n<li>Weissberg-Beb Nea<\/li>\n<li>Weller SJH<\/li>\n<li>Wendling<\/li>\n<li>Werker Karl J\u00fcrgen<\/li>\n<li>Werkstatt Creativa<\/li>\n<li>Wernik R\u00fcdiger<\/li>\n<li>Weydert Gertrud<\/li>\n<li>Winckler Gabriele<\/li>\n<li>Windrath Ulrich<\/li>\n<li>Winter Gabrielle<\/li>\n<li>Winter Mike-D.<\/li>\n<li>Wirtz Rosemarie<\/li>\n<li>Wissen Frank<\/li>\n<li>Wittlich Kiga<\/li>\n<li>Woermann Ute http:\/\/www.goethe.de\/ins\/cy\/nic\/deindex.htm?wt_sc=zypern<\/li>\n<li>W\u00f6lfges G\u00fcnther<\/li>\n<li>Woyciechowski Boris<\/li>\n<li>Woyciechowski Roman<\/li>\n<li>Yasin Neshe<\/li>\n<li>Yesilada Sencan<\/li>\n<li>Y\u00fcce Nilg\u00fcn<\/li>\n<li>Zemlin Marina<\/li>\n<li><span style=\"line-height: 1.5em\">Ziya Tanali M.<\/span><\/li>\n<\/ol>\n","protected":false},"excerpt":{"rendered":"<p>back Liste des participants &nbsp; Abdoul Samad Abedi Mass Abell\u00f3 Joan Achilleos Achilleas Ackermann Andrea Adam J\u00fcrgen Adams Alice Adams Natalie Adams-Voltz Kerstin Adelberger Michaela Adrian Heidi Aktiv Frauennetz Albert Bc Albrecht Jeremy Albrecht Jessica Albrecht Klaus Altmeyer Andi Amarzilli Sandra Amer Jutta Amerkamp Birgit http:\/\/www.amerkamp-arte.de\/40412.html Amerkamp Manfred http:\/\/www.amerkamp-arte.de\/40412.html Andersky Christina Anderson-Kulot Christina http:\/\/christinakulot.wordpress.com Antoine <a class=\"read-more\" href=\"http:\/\/gnausch.net\/efpwp\/fr\/sympathisants\/liste-des-participants\/\">[&hellip;]<\/a><\/p>\n","protected":false},"author":2,"featured_media":0,"parent":41,"menu_order":0,"comment_status":"closed","ping_status":"closed","template":"","meta":[],"_links":{"self":[{"href":"http:\/\/gnausch.net\/efpwp\/fr\/wp-json\/wp\/v2\/pages\/88"}],"collection":[{"href":"http:\/\/gnausch.net\/efpwp\/fr\/wp-json\/wp\/v2\/pages"}],"about":[{"href":"http:\/\/gnausch.net\/efpwp\/fr\/wp-json\/wp\/v2\/types\/page"}],"author":[{"embeddable":true,"href":"http:\/\/gnausch.net\/efpwp\/fr\/wp-json\/wp\/v2\/users\/2"}],"replies":[{"embeddable":true,"href":"http:\/\/gnausch.net\/efpwp\/fr\/wp-json\/wp\/v2\/comments?post=88"}],"version-history":[{"count":7,"href":"http:\/\/gnausch.net\/efpwp\/fr\/wp-json\/wp\/v2\/pages\/88\/revisions"}],"predecessor-version":[{"id":293,"href":"http:\/\/gnausch.net\/efpwp\/fr\/wp-json\/wp\/v2\/pages\/88\/revisions\/293"}],"up":[{"embeddable":true,"href":"http:\/\/gnausch.net\/efpwp\/fr\/wp-json\/wp\/v2\/pages\/41"}],"wp:attachment":[{"href":"http:\/\/gnausch.net\/efpwp\/fr\/wp-json\/wp\/v2\/media?parent=88"}],"curies":[{"name":"wp","href":"https:\/\/api.w.org\/{rel}","templated":true}]}}