{"id":85,"date":"2013-12-20T10:07:35","date_gmt":"2013-12-20T08:07:35","guid":{"rendered":"http:\/\/gnausch.net\/efpwp\/fr\/?page_id=85"},"modified":"2015-04-28T18:56:22","modified_gmt":"2015-04-28T16:56:22","slug":"personalites","status":"publish","type":"page","link":"http:\/\/gnausch.net\/efpwp\/fr\/sympathisants\/personalites\/","title":{"rendered":"Personalit\u00e9s"},"content":{"rendered":"<p><a title=\"Sympathisants\" href=\"http:\/\/gnausch.net\/efpwp\/fr\/sympathisants\/\">back<\/a><\/p>\n<h5>Les \u00e9l\u00e9phants de la paix sont fi\u00e8res d&rsquo;avoir le soutien de:<\/h5>\n<p>&nbsp;<\/p>\n<p>Abdoul Samad,Dima Civil Affairs Liaison officer UN in Cyprus<\/p>\n<p>Bachmann Thietmar Cultural Attach\u00e9 of the German Consulat In NY<\/p>\n<p>Bastjen Otto Maria Mayor of Kr\u00f6v<\/p>\n<p>Bentz, Josep F\u00e8lix, president Real Cercle Barcelona<\/p>\n<p>Bergmann-Pohl Sabine, Dr.<\/p>\n<p>Bruch Konrad, Ambassador of Luxembourg to Cyprus<\/p>\n<p>Dreibus Werner MdB<\/p>\n<p>Florenz Karl Heinz, MEP<\/p>\n<p>Franczek Jacek, vice-consul of Poland in Cologne<\/p>\n<p>Hager\u00a0Eva, Dr.,\u00a0Ambassador of Austria to Cyprus<\/p>\n<p>Kla\u00df Christa, MEP<\/p>\n<p>L\u00e4sch-Weber Beate President Sparkasse Rheinland-Pfalz<\/p>\n<p>Marszalek Janusz Mayor of Oswiencim<\/p>\n<p>Plexidas Nicolas P. Consul of Greece in D\u00fcsseldorf<\/p>\n<p>Rodenkirch, Joachim B\u00fcrgermeister, Wittlich<\/p>\n<p>Rohde Dominicus, President Schengen Peace Foundation<\/p>\n<p>Roters J\u00fcrgen, Mayor of Cologne\u00a0 Oberbuergermeister<\/p>\n<p>Sakarya\u00a0Ihsan, Turkish Consul to Luxembourg<\/p>\n<p>Schartz G\u00fcnther, Landrat Trier<\/p>\n<p>Schlegel-Friedrich Daniela, Landraetin Merzig-Wadern, speaker and supporter in Schengen<\/p>\n<p>Seidel Heinz-Peter, Dr.Dr. Consul of Germany in Strasbourg<\/p>\n<p>Sophocleous Pantelis, Cyprus Federation of Environmental and Ecological Organizations<\/p>\n<p>Stegen Joern G., European Council, ex-consul<\/p>\n<p>Stegen Rashida, European council, Strasbourg<\/p>\n<p>Streit Dr. Joachim Landrat Eifelkreis Bitburg-Pr\u00fcm<\/p>\n<p>The Elders<\/p>\n<p>Woermann Ute, Direktor Goethe Center, Nicosia, Cyprus<\/p>\n<p>Wowereit Klaus,\u00a0Mayor of Berlin<\/p>\n<p>W\u00f6lfges G\u00fcnther, Direktor Sparkasse Bernkastel-Kues<\/p>\n","protected":false},"excerpt":{"rendered":"<p>back Les \u00e9l\u00e9phants de la paix sont fi\u00e8res d&rsquo;avoir le soutien de: &nbsp; Abdoul Samad,Dima Civil Affairs Liaison officer UN in Cyprus Bachmann Thietmar Cultural Attach\u00e9 of the German Consulat In NY Bastjen Otto Maria Mayor of Kr\u00f6v Bentz, Josep F\u00e8lix, president Real Cercle Barcelona Bergmann-Pohl Sabine, Dr. Bruch Konrad, Ambassador of Luxembourg to Cyprus <a class=\"read-more\" href=\"http:\/\/gnausch.net\/efpwp\/fr\/sympathisants\/personalites\/\">[&hellip;]<\/a><\/p>\n","protected":false},"author":2,"featured_media":0,"parent":41,"menu_order":0,"comment_status":"closed","ping_status":"closed","template":"","meta":[],"_links":{"self":[{"href":"http:\/\/gnausch.net\/efpwp\/fr\/wp-json\/wp\/v2\/pages\/85"}],"collection":[{"href":"http:\/\/gnausch.net\/efpwp\/fr\/wp-json\/wp\/v2\/pages"}],"about":[{"href":"http:\/\/gnausch.net\/efpwp\/fr\/wp-json\/wp\/v2\/types\/page"}],"author":[{"embeddable":true,"href":"http:\/\/gnausch.net\/efpwp\/fr\/wp-json\/wp\/v2\/users\/2"}],"replies":[{"embeddable":true,"href":"http:\/\/gnausch.net\/efpwp\/fr\/wp-json\/wp\/v2\/comments?post=85"}],"version-history":[{"count":8,"href":"http:\/\/gnausch.net\/efpwp\/fr\/wp-json\/wp\/v2\/pages\/85\/revisions"}],"predecessor-version":[{"id":266,"href":"http:\/\/gnausch.net\/efpwp\/fr\/wp-json\/wp\/v2\/pages\/85\/revisions\/266"}],"up":[{"embeddable":true,"href":"http:\/\/gnausch.net\/efpwp\/fr\/wp-json\/wp\/v2\/pages\/41"}],"wp:attachment":[{"href":"http:\/\/gnausch.net\/efpwp\/fr\/wp-json\/wp\/v2\/media?parent=85"}],"curies":[{"name":"wp","href":"https:\/\/api.w.org\/{rel}","templated":true}]}}