{"id":84,"date":"2013-12-19T16:04:43","date_gmt":"2013-12-19T14:04:43","guid":{"rendered":"http:\/\/gnausch.net\/efpwp\/fr\/?page_id=84"},"modified":"2018-06-13T18:45:07","modified_gmt":"2018-06-13T16:45:07","slug":"sponsors","status":"publish","type":"page","link":"http:\/\/gnausch.net\/efpwp\/fr\/sponsors\/","title":{"rendered":"Sponsors"},"content":{"rendered":"<p><a title=\"Sympathisants\" href=\"http:\/\/gnausch.net\/efpwp\/fr\/sympathisants\/\">back<\/a><\/p>\n<h5>Les \u00e9l\u00e9phants de la paix aimeraient remercier les personnes et compagnies suivantes:<\/h5>\n<p>&nbsp;<\/p>\n<p><a href=\"http:\/\/www.brauweilerblog.de\/2012\/10\/17\/abtei-brauweiler-mein-beitrag-fur-elephants-for-peace\/\">Abtei Brauweiler<\/a><\/p>\n<p>Birinci Deniz<\/p>\n<p>Boss Andrea<\/p>\n<p>Brochert Barbara<\/p>\n<p>Dieckmann Volker<\/p>\n<p>Frings Norbert Dr.<\/p>\n<p>Gerlach, Rolf Dr. President Sparkassenverbandes Westfalen-Lippe<\/p>\n<p>Gr\u00fcnke Sabine photographer<\/p>\n<p><a href=\"http:\/\/www.hagerpapprint.de\/aktuelles.php\">Hager Papprint<\/a><\/p>\n<p><a href=\"\/\/www.hausarztpraxis-koeln.de\">Haus\u00e4rzliche Gemeinschaftspraxis K\u00f6ln-L\u00f6venich, Dr med Wolfram Landmann<\/a><\/p>\n<p>Joan Abell\u00f3 Juanpere, Reial Cercle Art\u00edstic de Barcelona<\/p>\n<p>Keifer Anja webdesigner<\/p>\n<p>Leifeld Bernd, director documenta,<\/p>\n<p>Leischner Axel, organizer exhibition in Muehlheim<\/p>\n<p><a href=\"http:\/\/www.moselwerbung.de\" target=\"_blank\" rel=\"noopener\">Marmann Christian and Frank Fass<\/a><\/p>\n<p>Molz Druckerei<\/p>\n<p><a href=\"http:\/\/www.motor-fritsche.de\/t3\/index.php?id=4\" target=\"_blank\" rel=\"noopener\">Motor Fritsche K\u00f6ln<\/a><\/p>\n<p><a href=\"http:\/\/www.muzeum-zamek.pl\/wydarzenia.php\">Muzeum Zamek<\/a><\/p>\n<p>Nikosan Art Design Illustration, Strasbourg<\/p>\n<p><a href=\"http:\/\/www.passigatti.com\/nc\/information\/fashion-news\/article\/elephants-for-peace.html\">Passigatti<\/a><\/p>\n<p>Pauly Ralf, artist<\/p>\n<p>Richter Joachim<\/p>\n<p>Salaou, Nafiou founding member and webmaster<\/p>\n<p>Schmitz Katja 2 Goldfisch<\/p>\n<p>Schr\u00f6ter Alfred eventea<\/p>\n<p><a href=\"http:\/\/www.ekatecy.com\/news\/news_20090102.htm\" target=\"_blank\" rel=\"noopener\">Trimikliniotis Daphne EKATE<\/a><\/p>\n<p><a href=\"www.mana-binz.de\" target=\"_blank\" rel=\"noopener\">Weibrecht , Mana Binz<\/a><\/p>\n<p>W\u00f6lfges G\u00fcnther, Direktor Sparkasse Bernkastel-Kues<\/p>\n<p>Maurice Stieger, <a href=\"http:\/\/www.mauricestieger.de\" target=\"_blank\" rel=\"noopener\">Holzkunst<\/a><\/p>\n","protected":false},"excerpt":{"rendered":"<p>back Les \u00e9l\u00e9phants de la paix aimeraient remercier les personnes et compagnies suivantes: &nbsp; Abtei Brauweiler Birinci Deniz Boss Andrea Brochert Barbara Dieckmann Volker Frings Norbert Dr. Gerlach, Rolf Dr. President Sparkassenverbandes Westfalen-Lippe Gr\u00fcnke Sabine photographer Hager Papprint Haus\u00e4rzliche Gemeinschaftspraxis K\u00f6ln-L\u00f6venich, Dr med Wolfram Landmann Joan Abell\u00f3 Juanpere, Reial Cercle Art\u00edstic de Barcelona Keifer Anja <a class=\"read-more\" href=\"http:\/\/gnausch.net\/efpwp\/fr\/sponsors\/\">[&hellip;]<\/a><\/p>\n","protected":false},"author":2,"featured_media":0,"parent":0,"menu_order":0,"comment_status":"closed","ping_status":"closed","template":"","meta":[],"_links":{"self":[{"href":"http:\/\/gnausch.net\/efpwp\/fr\/wp-json\/wp\/v2\/pages\/84"}],"collection":[{"href":"http:\/\/gnausch.net\/efpwp\/fr\/wp-json\/wp\/v2\/pages"}],"about":[{"href":"http:\/\/gnausch.net\/efpwp\/fr\/wp-json\/wp\/v2\/types\/page"}],"author":[{"embeddable":true,"href":"http:\/\/gnausch.net\/efpwp\/fr\/wp-json\/wp\/v2\/users\/2"}],"replies":[{"embeddable":true,"href":"http:\/\/gnausch.net\/efpwp\/fr\/wp-json\/wp\/v2\/comments?post=84"}],"version-history":[{"count":7,"href":"http:\/\/gnausch.net\/efpwp\/fr\/wp-json\/wp\/v2\/pages\/84\/revisions"}],"predecessor-version":[{"id":420,"href":"http:\/\/gnausch.net\/efpwp\/fr\/wp-json\/wp\/v2\/pages\/84\/revisions\/420"}],"wp:attachment":[{"href":"http:\/\/gnausch.net\/efpwp\/fr\/wp-json\/wp\/v2\/media?parent=84"}],"curies":[{"name":"wp","href":"https:\/\/api.w.org\/{rel}","templated":true}]}}