{"id":222,"date":"2014-03-11T15:52:04","date_gmt":"2014-03-11T13:52:04","guid":{"rendered":"http:\/\/gnausch.net\/efpwp\/fr\/?page_id=222"},"modified":"2015-04-28T18:55:49","modified_gmt":"2015-04-28T16:55:49","slug":"ce-que-nous-representons","status":"publish","type":"page","link":"http:\/\/gnausch.net\/efpwp\/fr\/qui-nous-sommes\/ce-que-nous-representons\/","title":{"rendered":"Ce que nous repr\u00e9sentons"},"content":{"rendered":"<ul>\n<li><a title=\"Le Concept\" href=\"http:\/\/gnausch.net\/efpwp\/fr\/qui-nous-sommes\/\"><strong>Le Concept<\/strong><\/a><\/li>\n<li><a title=\"Pourquoi l'\u00e9l\u00e9phant?\" href=\"http:\/\/gnausch.net\/efpwp\/fr\/qui-nous-sommes\/pourquoi-l-elephant\"><strong>Pourquoi l&rsquo;\u00e9l\u00e9phant?<\/strong><\/a><\/li>\n<li><a title=\"Nous offrons\u2026\" href=\"http:\/\/gnausch.net\/efpwp\/fr\/qui-nous-sommes\/nous-offrons\"><strong>Nous offrons\u2026<\/strong><\/a><\/li>\n<li><strong>Ce que nous repr\u00e9sentons<\/strong><\/li>\n<\/ul>\n<p>Elephants for Peace a quatre objectifs principaux: <\/p>\n<p>Offrir une voix visuelle pour la paix dans le monde.<br \/>\nD\u00e9velopper des relations amicales entre les peuples.<br \/>\nOffrir un concept sur la fa\u00e7on de travailler ensemble et d&rsquo;encourager le respect mutuel.<br \/>\nEffectuer ces actions visibles \u00e0 l&rsquo;\u00e9chelle mondiale. <\/p>\n<div style=\"width: 400px;height: 250px;border: 3px black\">\n<p><em><small>\u2026 [Elephants for Peace]\u2026 se pr\u00e9sente comme un exemple de comment l&rsquo;art contemporain peut \u00eatre utilis\u00e9 avec succ\u00e8s comme une fa\u00e7on de c\u00e9l\u00e9brer les diff\u00e9rences culturelles et la promotion de la libert\u00e9 de longue dur\u00e9e \u2026<\/small><\/em><br \/>\n<em> <small>K.G. Praveen Kumar<\/small><\/em><br \/>\n<em> <small>Consul (Politique et Affaires Culturelles)<\/small> <\/em><br \/>\n<em> <small>Consulat g\u00e9n\u00e9ral de l&rsquo;Inde<\/small> <\/em><br \/>\n<em> <small>New York 03\/12\/08<\/small><\/em><\/p>\n<\/div>\n<div style=\"width: 400px;height: 250px;border: 3px black\">\n<p><em><small>\u2026La particularit\u00e9 du projet r\u00e9side dans le fait que chacun, ind\u00e9pendamment de sa situation personnelle fasse partie du mouvement.<br \/>\nPlus il y en a qui se <a href=\"http:\/\/gnausch.net\/efpwp\/participate\/\">joignent au mouvement<\/a>, plus allons nous diffuser d&rsquo;espoir \u2026<\/small><\/em><br \/>\n<em> <small>Celal CIN<\/small><\/em><br \/>\n<em> <small>Adjoint au Maire <\/small><\/em><br \/>\n<em> <small>Nicosia Municipalit\u00e9 Turque <\/small><\/em><br \/>\n<em> <small>28\/09\/2009<\/small><\/em><\/p>\n<\/div>\n","protected":false},"excerpt":{"rendered":"<p>Le Concept Pourquoi l&rsquo;\u00e9l\u00e9phant? Nous offrons\u2026 Ce que nous repr\u00e9sentons Elephants for Peace a quatre objectifs principaux: Offrir une voix visuelle pour la paix dans le monde. D\u00e9velopper des relations amicales entre les peuples. Offrir un concept sur la fa\u00e7on de travailler ensemble et d&rsquo;encourager le respect mutuel. Effectuer ces actions visibles \u00e0 l&rsquo;\u00e9chelle mondiale. <a class=\"read-more\" href=\"http:\/\/gnausch.net\/efpwp\/fr\/qui-nous-sommes\/ce-que-nous-representons\/\">[&hellip;]<\/a><\/p>\n","protected":false},"author":5,"featured_media":0,"parent":132,"menu_order":1,"comment_status":"closed","ping_status":"closed","template":"","meta":[],"_links":{"self":[{"href":"http:\/\/gnausch.net\/efpwp\/fr\/wp-json\/wp\/v2\/pages\/222"}],"collection":[{"href":"http:\/\/gnausch.net\/efpwp\/fr\/wp-json\/wp\/v2\/pages"}],"about":[{"href":"http:\/\/gnausch.net\/efpwp\/fr\/wp-json\/wp\/v2\/types\/page"}],"author":[{"embeddable":true,"href":"http:\/\/gnausch.net\/efpwp\/fr\/wp-json\/wp\/v2\/users\/5"}],"replies":[{"embeddable":true,"href":"http:\/\/gnausch.net\/efpwp\/fr\/wp-json\/wp\/v2\/comments?post=222"}],"version-history":[{"count":7,"href":"http:\/\/gnausch.net\/efpwp\/fr\/wp-json\/wp\/v2\/pages\/222\/revisions"}],"predecessor-version":[{"id":258,"href":"http:\/\/gnausch.net\/efpwp\/fr\/wp-json\/wp\/v2\/pages\/222\/revisions\/258"}],"up":[{"embeddable":true,"href":"http:\/\/gnausch.net\/efpwp\/fr\/wp-json\/wp\/v2\/pages\/132"}],"wp:attachment":[{"href":"http:\/\/gnausch.net\/efpwp\/fr\/wp-json\/wp\/v2\/media?parent=222"}],"curies":[{"name":"wp","href":"https:\/\/api.w.org\/{rel}","templated":true}]}}