{"id":209,"date":"2014-03-11T15:27:52","date_gmt":"2014-03-11T13:27:52","guid":{"rendered":"http:\/\/gnausch.net\/efpwp\/fr\/?page_id=209"},"modified":"2015-04-28T18:55:54","modified_gmt":"2015-04-28T16:55:54","slug":"nous-offrons","status":"publish","type":"page","link":"http:\/\/gnausch.net\/efpwp\/fr\/qui-nous-sommes\/nous-offrons\/","title":{"rendered":"Nous offrons\u2026"},"content":{"rendered":"<ul>\n<li><a title=\"Le Concept\" href=\"http:\/\/gnausch.net\/efpwp\/fr\/qui-nous-sommes\/\"><strong>Le Concept<\/strong><\/a><\/li>\n<li><a title=\"Pourquoi l'\u00e9l\u00e9phant?\" href=\"http:\/\/gnausch.net\/efpwp\/fr\/qui-nous-sommes\/pourquoi-l-elephant\"><strong>Pourquoi l&rsquo;\u00e9l\u00e9phant?<\/strong><\/a><\/li>\n<li><strong>\u00ab\u00a0Nous offrons\u2026\u00a0\u00bb<\/strong><\/li>\n<li><a title=\"Ce que nous repr\u00e9sentons\" href=\"http:\/\/gnausch.net\/efpwp\/fr\/qui-nous-sommes\/ce-que-nous-representons\"><strong>Ce que nous repr\u00e9sentons<\/strong><\/a><\/li>\n<\/ul>\n<p>Nous offrons une occasion unique de parler et de travailler pour la paix dans un contexte mondial sans aucune implication politique, religieuse et commerciale.<\/p>\n<p><strong>Elephants for Peace<\/strong> est un concept qui peut \u00eatre mis en vigueur dans les zones de crise et de graves controverses. Il agit comme un espace s\u00fbr o\u00f9 vous pouvez indiquer votre d\u00e9sir fort et courageux pour la paix sans que cela implique que vous renoncez \u00e0 votre identit\u00e9 actuelle.<\/p>\n<p><strong>Elephants for Peace<\/strong> agit dans le monde entier avec les moyens suivants :<\/p>\n<p>Ateliers artistiques<br \/>\nDes expositions d&rsquo;art de dons d&rsquo;\u00e9l\u00e9phants de paix<br \/>\nD\u00e9fil\u00e9s pour la paix<br \/>\nConcerts gratuits<br \/>\nSculptures sociales<br \/>\nS\u00e9minaires, conf\u00e9rences<br \/>\nAccompagner et conseiller la cr\u00e9ation d&rsquo;activit\u00e9s pour la paix<\/p>\n<div style=\"width: 400px;height: 350px;border: 3px black\">\n<p><em><small>\u2026La principale motivation derri\u00e8re cette vision non traditionnelle de l&rsquo;artiste est d&rsquo;utiliser l&rsquo;art comme un outil pour les participants venus du monde entier, artistes et non-artistes, pour faire une d\u00e9claration collective de leur d\u00e9sir d&rsquo;un changement dans la conscience humaine d&rsquo;une fa\u00e7on qui va incarner la sagesse de la paix et de la joie de vivre en harmonie les uns avec les autres sur notre plan\u00e8te\u2026<\/small><\/em><br \/>\n<em><small>Daphne Trimikliniotis<\/small><\/em><br \/>\n<em><small>Pr\u00e9sidente de la Chambre d&rsquo;Art de Chypre, E.KA.TE<\/small><\/em><br \/>\n<em><small>14\/01\/2009<\/small><\/em><\/p>\n<\/div>\n","protected":false},"excerpt":{"rendered":"<p>Le Concept Pourquoi l&rsquo;\u00e9l\u00e9phant? \u00ab\u00a0Nous offrons\u2026\u00a0\u00bb Ce que nous repr\u00e9sentons Nous offrons une occasion unique de parler et de travailler pour la paix dans un contexte mondial sans aucune implication politique, religieuse et commerciale. Elephants for Peace est un concept qui peut \u00eatre mis en vigueur dans les zones de crise et de graves controverses. <a class=\"read-more\" href=\"http:\/\/gnausch.net\/efpwp\/fr\/qui-nous-sommes\/nous-offrons\/\">[&hellip;]<\/a><\/p>\n","protected":false},"author":5,"featured_media":0,"parent":132,"menu_order":1,"comment_status":"closed","ping_status":"closed","template":"","meta":[],"_links":{"self":[{"href":"http:\/\/gnausch.net\/efpwp\/fr\/wp-json\/wp\/v2\/pages\/209"}],"collection":[{"href":"http:\/\/gnausch.net\/efpwp\/fr\/wp-json\/wp\/v2\/pages"}],"about":[{"href":"http:\/\/gnausch.net\/efpwp\/fr\/wp-json\/wp\/v2\/types\/page"}],"author":[{"embeddable":true,"href":"http:\/\/gnausch.net\/efpwp\/fr\/wp-json\/wp\/v2\/users\/5"}],"replies":[{"embeddable":true,"href":"http:\/\/gnausch.net\/efpwp\/fr\/wp-json\/wp\/v2\/comments?post=209"}],"version-history":[{"count":16,"href":"http:\/\/gnausch.net\/efpwp\/fr\/wp-json\/wp\/v2\/pages\/209\/revisions"}],"predecessor-version":[{"id":241,"href":"http:\/\/gnausch.net\/efpwp\/fr\/wp-json\/wp\/v2\/pages\/209\/revisions\/241"}],"up":[{"embeddable":true,"href":"http:\/\/gnausch.net\/efpwp\/fr\/wp-json\/wp\/v2\/pages\/132"}],"wp:attachment":[{"href":"http:\/\/gnausch.net\/efpwp\/fr\/wp-json\/wp\/v2\/media?parent=209"}],"curies":[{"name":"wp","href":"https:\/\/api.w.org\/{rel}","templated":true}]}}